{"id":2566,"date":"2023-12-16T17:14:28","date_gmt":"2023-12-16T17:14:28","guid":{"rendered":"https:\/\/www.euroactivesrb.org\/?page_id=2566"},"modified":"2024-01-10T15:23:09","modified_gmt":"2024-01-10T15:23:09","slug":"smoki","status":"publish","type":"page","link":"https:\/\/www.euroactivesrb.org\/sr\/smoki\/","title":{"rendered":"Smoki"},"content":{"rendered":"<div data-elementor-type=\"wp-page\" data-elementor-id=\"2566\" class=\"elementor elementor-2566\">\n\t\t\t\t<div class=\"elementor-element elementor-element-2z7os19 e-flex e-con-boxed e-con e-parent\" data-id=\"2z7os19\" data-element_type=\"container\" data-settings=\"{&quot;background_background&quot;:&quot;classic&quot;}\" data-core-v316-plus=\"true\">\n\t\t\t\t\t<div class=\"e-con-inner\">\n\t\t\t\t<div class=\"elementor-element elementor-element-582eb7b elementor-widget elementor-widget-heading\" data-id=\"582eb7b\" data-element_type=\"widget\" data-widget_type=\"heading.default\">\n\t\t\t\t<div class=\"elementor-widget-container\">\n\t\t\t<style>\/*! elementor - v3.20.0 - 26-03-2024 *\/\n.elementor-heading-title{padding:0;margin:0;line-height:1}.elementor-widget-heading .elementor-heading-title[class*=elementor-size-]>a{color:inherit;font-size:inherit;line-height:inherit}.elementor-widget-heading .elementor-heading-title.elementor-size-small{font-size:15px}.elementor-widget-heading .elementor-heading-title.elementor-size-medium{font-size:19px}.elementor-widget-heading .elementor-heading-title.elementor-size-large{font-size:29px}.elementor-widget-heading .elementor-heading-title.elementor-size-xl{font-size:39px}.elementor-widget-heading .elementor-heading-title.elementor-size-xxl{font-size:59px}<\/style><h1 class=\"elementor-heading-title elementor-size-default\">Maskota<\/h1>\t\t<\/div>\n\t\t\t\t<\/div>\n\t\t\t\t\t<\/div>\n\t\t\t\t<\/div>\n\t\t<div class=\"elementor-element elementor-element-9hjbmyz e-flex e-con-boxed e-con e-parent\" data-id=\"9hjbmyz\" data-element_type=\"container\" data-settings=\"{&quot;background_background&quot;:&quot;classic&quot;}\" data-core-v316-plus=\"true\">\n\t\t\t\t\t<div class=\"e-con-inner\">\n\t\t<div class=\"elementor-element elementor-element-e6150a2 e-con-full e-flex e-con e-child\" data-id=\"e6150a2\" data-element_type=\"container\">\n\t\t\t\t<div class=\"elementor-element elementor-element-9b85f4b elementor-widget elementor-widget-image\" data-id=\"9b85f4b\" data-element_type=\"widget\" data-widget_type=\"image.default\">\n\t\t\t\t<div class=\"elementor-widget-container\">\n\t\t\t<style>\/*! elementor - v3.20.0 - 26-03-2024 *\/\n.elementor-widget-image{text-align:center}.elementor-widget-image a{display:inline-block}.elementor-widget-image a img[src$=\".svg\"]{width:48px}.elementor-widget-image img{vertical-align:middle;display:inline-block}<\/style>\t\t\t\t\t\t\t\t\t\t<img fetchpriority=\"high\" decoding=\"async\" width=\"1820\" height=\"1666\" src=\"https:\/\/www.euroactivesrb.org\/wp-content\/uploads\/2023\/12\/main-smoki.png\" class=\"attachment-full size-full wp-image-2574\" alt=\"\" srcset=\"https:\/\/www.euroactivesrb.org\/wp-content\/uploads\/2023\/12\/main-smoki.png 1820w, https:\/\/www.euroactivesrb.org\/wp-content\/uploads\/2023\/12\/main-smoki-300x275.png 300w, https:\/\/www.euroactivesrb.org\/wp-content\/uploads\/2023\/12\/main-smoki-1024x937.png 1024w, https:\/\/www.euroactivesrb.org\/wp-content\/uploads\/2023\/12\/main-smoki-768x703.png 768w, https:\/\/www.euroactivesrb.org\/wp-content\/uploads\/2023\/12\/main-smoki-1536x1406.png 1536w\" sizes=\"(max-width: 1820px) 100vw, 1820px\" \/>\t\t\t\t\t\t\t\t\t\t\t\t\t<\/div>\n\t\t\t\t<\/div>\n\t\t\t\t<\/div>\n\t\t<div class=\"elementor-element elementor-element-96bd502 e-con-full e-flex e-con e-child\" data-id=\"96bd502\" data-element_type=\"container\">\n\t\t\t\t<div class=\"elementor-element elementor-element-a3059cc elementor-widget-tablet__width-inherit elementor-widget__width-initial elementor-widget elementor-widget-heading\" data-id=\"a3059cc\" data-element_type=\"widget\" data-widget_type=\"heading.default\">\n\t\t\t\t<div class=\"elementor-widget-container\">\n\t\t\t<h2 class=\"elementor-heading-title elementor-size-default\">Zdravo! Moje ime je Smoki.<br>Drago mi je \u0161to smo se upoznali!<\/h2>\t\t<\/div>\n\t\t\t\t<\/div>\n\t\t\t\t<div class=\"elementor-element elementor-element-1707dfc elementor-widget__width-initial elementor-widget-mobile__width-inherit elementor-widget elementor-widget-text-editor\" data-id=\"1707dfc\" data-element_type=\"widget\" data-widget_type=\"text-editor.default\">\n\t\t\t\t<div class=\"elementor-widget-container\">\n\t\t\t<style>\/*! elementor - v3.20.0 - 26-03-2024 *\/\n.elementor-widget-text-editor.elementor-drop-cap-view-stacked .elementor-drop-cap{background-color:#69727d;color:#fff}.elementor-widget-text-editor.elementor-drop-cap-view-framed .elementor-drop-cap{color:#69727d;border:3px solid;background-color:transparent}.elementor-widget-text-editor:not(.elementor-drop-cap-view-default) .elementor-drop-cap{margin-top:8px}.elementor-widget-text-editor:not(.elementor-drop-cap-view-default) .elementor-drop-cap-letter{width:1em;height:1em}.elementor-widget-text-editor .elementor-drop-cap{float:left;text-align:center;line-height:1;font-size:50px}.elementor-widget-text-editor .elementor-drop-cap-letter{display:inline-block}<\/style>\t\t\t\t<p>Hajde da vam ne\u0161to ka\u017eem o svojim avanturama. Bio sam u Rumuniji, Srbiji, Bugarskoj, Slova\u010dkoj, Ma\u0111arskoj, Turskoj, i planiram da idem jo\u0161 dalje! \u017delim da vidim ceo svet!<\/p><p>Ako \u017eelite, mo\u017eete da se priklju\u010dite mojim avanturama, samo kliknite na link ispod!<\/p>\t\t\t\t\t\t<\/div>\n\t\t\t\t<\/div>\n\t\t\t\t<div class=\"elementor-element elementor-element-c89ab9c elementor-widget elementor-widget-button\" data-id=\"c89ab9c\" data-element_type=\"widget\" data-widget_type=\"button.default\">\n\t\t\t\t<div class=\"elementor-widget-container\">\n\t\t\t\t\t<div class=\"elementor-button-wrapper\">\n\t\t\t<a class=\"elementor-button elementor-button-link elementor-size-sm\" href=\"https:\/\/www.euroactivesrb.org\/sr\/opportunities\/\">\n\t\t\t\t\t\t<span class=\"elementor-button-content-wrapper\">\n\t\t\t\t\t\t<span class=\"elementor-button-icon elementor-align-icon-right\">\n\t\t\t\t<svg aria-hidden=\"true\" class=\"e-font-icon-svg e-fas-arrow-right\" viewbox=\"0 0 448 512\" xmlns=\"http:\/\/www.w3.org\/2000\/svg\"><path d=\"M190.5 66.9l22.2-22.2c9.4-9.4 24.6-9.4 33.9 0L441 239c9.4 9.4 9.4 24.6 0 33.9L246.6 467.3c-9.4 9.4-24.6 9.4-33.9 0l-22.2-22.2c-9.5-9.5-9.3-25 .4-34.3L311.4 296H24c-13.3 0-24-10.7-24-24v-32c0-13.3 10.7-24 24-24h287.4L190.9 101.2c-9.8-9.3-10-24.8-.4-34.3z\"><\/path><\/svg>\t\t\t<\/span>\n\t\t\t\t\t\t<span class=\"elementor-button-text\">Prona\u0111i svoju avanturu <\/span>\n\t\t<\/span>\n\t\t\t\t\t<\/a>\n\t\t<\/div>\n\t\t\t\t<\/div>\n\t\t\t\t<\/div>\n\t\t\t\t<\/div>\n\t\t\t\t\t<\/div>\n\t\t\t\t<\/div>\n\t\t<div class=\"elementor-element elementor-element-mjc3shp e-flex e-con-boxed e-con e-parent\" data-id=\"mjc3shp\" data-element_type=\"container\" data-settings=\"{&quot;background_background&quot;:&quot;classic&quot;}\" data-core-v316-plus=\"true\">\n\t\t\t\t\t<div class=\"e-con-inner\">\n\t\t<div class=\"elementor-element elementor-element-1f7f824 e-con-full e-flex e-con e-child\" data-id=\"1f7f824\" data-element_type=\"container\">\n\t\t\t\t<div class=\"elementor-element elementor-element-8a22b56 elementor-widget elementor-widget-heading\" data-id=\"8a22b56\" data-element_type=\"widget\" data-widget_type=\"heading.default\">\n\t\t\t\t<div class=\"elementor-widget-container\">\n\t\t\t<h2 class=\"elementor-heading-title elementor-size-default\">Ako odete na radionice i prezentacije koje dr\u017eimo, mo\u017eete me prona\u0107i u mnogim formama!<\/h2>\t\t<\/div>\n\t\t\t\t<\/div>\n\t\t\t\t<div class=\"elementor-element elementor-element-28e49c8 elementor-widget elementor-widget-text-editor\" data-id=\"28e49c8\" data-element_type=\"widget\" data-widget_type=\"text-editor.default\">\n\t\t\t\t<div class=\"elementor-widget-container\">\n\t\t\t\t\t\t\t<p>Pun sam iznena\u0111enja!<\/p>\t\t\t\t\t\t<\/div>\n\t\t\t\t<\/div>\n\t\t\t\t<\/div>\n\t\t<div class=\"elementor-element elementor-element-07afb6e e-con-full e-flex e-con e-child\" data-id=\"07afb6e\" data-element_type=\"container\">\n\t\t\t\t<div class=\"elementor-element elementor-element-83930a5 elementor-widget elementor-widget-image\" data-id=\"83930a5\" data-element_type=\"widget\" data-widget_type=\"image.default\">\n\t\t\t\t<div class=\"elementor-widget-container\">\n\t\t\t\t\t\t\t\t\t\t\t\t\t<img decoding=\"async\" width=\"1067\" height=\"1280\" src=\"https:\/\/www.euroactivesrb.org\/wp-content\/uploads\/2023\/12\/moon-space-aesthetic-wallpaper-7122089.png\" class=\"attachment-full size-full wp-image-2571\" alt=\"moon, space, aesthetic wallpaper-7122089.jpg\" srcset=\"https:\/\/www.euroactivesrb.org\/wp-content\/uploads\/2023\/12\/moon-space-aesthetic-wallpaper-7122089.png 1067w, https:\/\/www.euroactivesrb.org\/wp-content\/uploads\/2023\/12\/moon-space-aesthetic-wallpaper-7122089-250x300.png 250w, https:\/\/www.euroactivesrb.org\/wp-content\/uploads\/2023\/12\/moon-space-aesthetic-wallpaper-7122089-854x1024.png 854w, https:\/\/www.euroactivesrb.org\/wp-content\/uploads\/2023\/12\/moon-space-aesthetic-wallpaper-7122089-768x921.png 768w\" sizes=\"(max-width: 1067px) 100vw, 1067px\" \/>\t\t\t\t\t\t\t\t\t\t\t\t\t<\/div>\n\t\t\t\t<\/div>\n\t\t\t\t<\/div>\n\t\t\t\t\t<\/div>\n\t\t\t\t<\/div>\n\t\t<div class=\"elementor-element elementor-element-wyqasq9 e-flex e-con-boxed e-con e-parent\" data-id=\"wyqasq9\" data-element_type=\"container\" data-settings=\"{&quot;background_background&quot;:&quot;classic&quot;}\" data-core-v316-plus=\"true\">\n\t\t\t\t\t<div class=\"e-con-inner\">\n\t\t\t\t<div class=\"elementor-element elementor-element-9e5d64b elementor-widget elementor-widget-heading\" data-id=\"9e5d64b\" data-element_type=\"widget\" data-widget_type=\"heading.default\">\n\t\t\t\t<div class=\"elementor-widget-container\">\n\t\t\t<h2 class=\"elementor-heading-title elementor-size-default\">Hajde da se upoznamo uskoro i ostanite u toku..<\/h2>\t\t<\/div>\n\t\t\t\t<\/div>\n\t\t\t\t\t<\/div>\n\t\t\t\t<\/div>\n\t\t<div class=\"elementor-element elementor-element-15e8b01 e-flex e-con-boxed e-con e-parent\" data-id=\"15e8b01\" data-element_type=\"container\" data-settings=\"{&quot;background_background&quot;:&quot;classic&quot;}\" data-core-v316-plus=\"true\">\n\t\t\t\t\t<div class=\"e-con-inner\">\n\t\t\t\t\t<\/div>\n\t\t\t\t<\/div>\n\t\t\t\t<\/div>","protected":false},"excerpt":{"rendered":"<p>Our Mascott Hello! My name is Smoki.It is nice to meet you! Let me tell you something about my adventures. I have been to Romania, Serbia, Bulgaria, Slovakia, Hungary, Turkey and I plan to go even more beyond! I wish to see the whole world! If you&#8217;d like, you can join me on my adventures, &hellip;<\/p>\n<p class=\"read-more\"> <a class=\"\" href=\"https:\/\/www.euroactivesrb.org\/sr\/smoki\/\"> <span class=\"screen-reader-text\">Smoki<\/span> \u041f\u0440\u043e\u0447\u0438\u0442\u0430\u0458 \u0432\u0438\u0448\u0435 &raquo;<\/a><\/p>","protected":false},"author":1,"featured_media":0,"parent":0,"menu_order":0,"comment_status":"closed","ping_status":"closed","template":"","meta":{"bgseo_title":"Our Mascott - Euroactive Serbia","bgseo_description":"Hello! My name is Smoki. It is nice to meet you! \r\nI wish to see the whole world! If you\u2019d like, you can join me on my adventures.","bgseo_robots_index":"index","bgseo_robots_follow":"follow","_monsterinsights_skip_tracking":false,"_monsterinsights_sitenote_active":false,"_monsterinsights_sitenote_note":"","_monsterinsights_sitenote_category":0,"site-sidebar-layout":"no-sidebar","site-content-layout":"page-builder","ast-site-content-layout":"full-width-container","site-content-style":"default","site-sidebar-style":"default","ast-global-header-display":"","ast-banner-title-visibility":"","ast-main-header-display":"","ast-hfb-above-header-display":"","ast-hfb-below-header-display":"","ast-hfb-mobile-header-display":"","site-post-title":"disabled","ast-breadcrumbs-content":"","ast-featured-img":"disabled","footer-sml-layout":"","theme-transparent-header-meta":"","adv-header-id-meta":"","stick-header-meta":"","header-above-stick-meta":"","header-main-stick-meta":"","header-below-stick-meta":"","astra-migrate-meta-layouts":"set","ast-page-background-enabled":"default","ast-page-background-meta":{"desktop":{"background-color":"var(--ast-global-color-4)","background-image":"","background-repeat":"repeat","background-position":"center center","background-size":"auto","background-attachment":"scroll","background-type":"","background-media":"","overlay-type":"","overlay-color":"","overlay-gradient":""},"tablet":{"background-color":"","background-image":"","background-repeat":"repeat","background-position":"center center","background-size":"auto","background-attachment":"scroll","background-type":"","background-media":"","overlay-type":"","overlay-color":"","overlay-gradient":""},"mobile":{"background-color":"","background-image":"","background-repeat":"repeat","background-position":"center center","background-size":"auto","background-attachment":"scroll","background-type":"","background-media":"","overlay-type":"","overlay-color":"","overlay-gradient":""}},"ast-content-background-meta":{"desktop":{"background-color":"var(--ast-global-color-5)","background-image":"","background-repeat":"repeat","background-position":"center center","background-size":"auto","background-attachment":"scroll","background-type":"","background-media":"","overlay-type":"","overlay-color":"","overlay-gradient":""},"tablet":{"background-color":"var(--ast-global-color-5)","background-image":"","background-repeat":"repeat","background-position":"center center","background-size":"auto","background-attachment":"scroll","background-type":"","background-media":"","overlay-type":"","overlay-color":"","overlay-gradient":""},"mobile":{"background-color":"var(--ast-global-color-5)","background-image":"","background-repeat":"repeat","background-position":"center center","background-size":"auto","background-attachment":"scroll","background-type":"","background-media":"","overlay-type":"","overlay-color":"","overlay-gradient":""}},"footnotes":""},"class_list":["post-2566","page","type-page","status-publish","hentry"],"aioseo_notices":[],"_links":{"self":[{"href":"https:\/\/www.euroactivesrb.org\/sr\/wp-json\/wp\/v2\/pages\/2566","targetHints":{"allow":["GET"]}}],"collection":[{"href":"https:\/\/www.euroactivesrb.org\/sr\/wp-json\/wp\/v2\/pages"}],"about":[{"href":"https:\/\/www.euroactivesrb.org\/sr\/wp-json\/wp\/v2\/types\/page"}],"author":[{"embeddable":true,"href":"https:\/\/www.euroactivesrb.org\/sr\/wp-json\/wp\/v2\/users\/1"}],"replies":[{"embeddable":true,"href":"https:\/\/www.euroactivesrb.org\/sr\/wp-json\/wp\/v2\/comments?post=2566"}],"version-history":[{"count":10,"href":"https:\/\/www.euroactivesrb.org\/sr\/wp-json\/wp\/v2\/pages\/2566\/revisions"}],"predecessor-version":[{"id":2729,"href":"https:\/\/www.euroactivesrb.org\/sr\/wp-json\/wp\/v2\/pages\/2566\/revisions\/2729"}],"wp:attachment":[{"href":"https:\/\/www.euroactivesrb.org\/sr\/wp-json\/wp\/v2\/media?parent=2566"}],"curies":[{"name":"wp","href":"https:\/\/api.w.org\/{rel}","templated":true}]}}