{"id":4275,"date":"2024-12-16T12:39:37","date_gmt":"2024-12-16T12:39:37","guid":{"rendered":"https:\/\/www.euroactivesrb.org\/?page_id=4275"},"modified":"2024-12-16T12:49:39","modified_gmt":"2024-12-16T12:49:39","slug":"s-t-o-r-i-e","status":"publish","type":"page","link":"https:\/\/www.euroactivesrb.org\/sr\/s-t-o-r-i-e\/","title":{"rendered":"S.T.O.R.I.E."},"content":{"rendered":"<div data-elementor-type=\"wp-page\" data-elementor-id=\"4275\" class=\"elementor elementor-4275\">\n\t\t\t\t<div class=\"elementor-element elementor-element-5b21025 e-flex e-con-boxed e-con e-parent\" data-id=\"5b21025\" data-element_type=\"container\" data-settings=\"{&quot;background_background&quot;:&quot;classic&quot;}\" data-core-v316-plus=\"true\">\n\t\t\t\t\t<div class=\"e-con-inner\">\n\t\t\t\t<div class=\"elementor-element elementor-element-e569fc0 elementor-widget elementor-widget-heading\" data-id=\"e569fc0\" data-element_type=\"widget\" data-widget_type=\"heading.default\">\n\t\t\t\t<div class=\"elementor-widget-container\">\n\t\t\t<style>\/*! elementor - v3.20.0 - 26-03-2024 *\/\n.elementor-heading-title{padding:0;margin:0;line-height:1}.elementor-widget-heading .elementor-heading-title[class*=elementor-size-]>a{color:inherit;font-size:inherit;line-height:inherit}.elementor-widget-heading .elementor-heading-title.elementor-size-small{font-size:15px}.elementor-widget-heading .elementor-heading-title.elementor-size-medium{font-size:19px}.elementor-widget-heading .elementor-heading-title.elementor-size-large{font-size:29px}.elementor-widget-heading .elementor-heading-title.elementor-size-xl{font-size:39px}.elementor-widget-heading .elementor-heading-title.elementor-size-xxl{font-size:59px}<\/style><h1 class=\"elementor-heading-title elementor-size-default\">S.T.O.R.I.E.<\/h1>\t\t<\/div>\n\t\t\t\t<\/div>\n\t\t\t\t\t<\/div>\n\t\t\t\t<\/div>\n\t\t<div class=\"elementor-element elementor-element-480593a e-flex e-con-boxed e-con e-parent\" data-id=\"480593a\" data-element_type=\"container\" data-core-v316-plus=\"true\">\n\t\t\t\t\t<div class=\"e-con-inner\">\n\t\t<div class=\"elementor-element elementor-element-6e11a8b e-con-full e-flex e-con e-child\" data-id=\"6e11a8b\" data-element_type=\"container\">\n\t\t\t\t<\/div>\n\t\t<div class=\"elementor-element elementor-element-45ae1ec e-con-full e-flex e-con e-child\" data-id=\"45ae1ec\" data-element_type=\"container\">\n\t\t\t\t<div class=\"elementor-element elementor-element-84ad815 elementor-widget elementor-widget-heading\" data-id=\"84ad815\" data-element_type=\"widget\" data-widget_type=\"heading.default\">\n\t\t\t\t<div class=\"elementor-widget-container\">\n\t\t\t<h2 class=\"elementor-heading-title elementor-size-default\">Razmena mladih<\/h2>\t\t<\/div>\n\t\t\t\t<\/div>\n\t\t\t\t<div class=\"elementor-element elementor-element-6f7a955 elementor-widget elementor-widget-heading\" data-id=\"6f7a955\" data-element_type=\"widget\" data-widget_type=\"heading.default\">\n\t\t\t\t<div class=\"elementor-widget-container\">\n\t\t\t<h2 class=\"elementor-heading-title elementor-size-default\">28.08-06.09.2024.<\/h2>\t\t<\/div>\n\t\t\t\t<\/div>\n\t\t\t\t<div class=\"elementor-element elementor-element-552f477 elementor-widget elementor-widget-heading\" data-id=\"552f477\" data-element_type=\"widget\" data-widget_type=\"heading.default\">\n\t\t\t\t<div class=\"elementor-widget-container\">\n\t\t\t<h2 class=\"elementor-heading-title elementor-size-default\">Lama Dei Peligni, Italija<\/h2>\t\t<\/div>\n\t\t\t\t<\/div>\n\t\t\t\t<\/div>\n\t\t<div class=\"elementor-element elementor-element-621a2cb e-con-full e-flex e-con e-child\" data-id=\"621a2cb\" data-element_type=\"container\">\n\t\t\t\t<\/div>\n\t\t\t\t\t<\/div>\n\t\t\t\t<\/div>\n\t\t\t\t<section class=\"elementor-section elementor-top-section elementor-element elementor-element-7bba557 elementor-section-content-top elementor-section-boxed elementor-section-height-default elementor-section-height-default\" data-id=\"7bba557\" data-element_type=\"section\" data-settings=\"{&quot;background_background&quot;:&quot;classic&quot;}\">\n\t\t\t\t\t\t\t<div class=\"elementor-background-overlay\"><\/div>\n\t\t\t\t\t\t\t<div class=\"elementor-container elementor-column-gap-no\">\n\t\t\t\t\t<div class=\"elementor-column elementor-col-100 elementor-top-column elementor-element elementor-element-0e0f3fa\" data-id=\"0e0f3fa\" data-element_type=\"column\" data-settings=\"{&quot;background_background&quot;:&quot;classic&quot;}\">\n\t\t\t<div class=\"elementor-widget-wrap elementor-element-populated\">\n\t\t\t\t\t<div class=\"elementor-background-overlay\"><\/div>\n\t\t\t\t\t\t<div class=\"elementor-element elementor-element-5021e84 elementor-widget__width-initial elementor-widget elementor-widget-text-editor\" data-id=\"5021e84\" data-element_type=\"widget\" data-widget_type=\"text-editor.default\">\n\t\t\t\t<div class=\"elementor-widget-container\">\n\t\t\t<style>\/*! elementor - v3.20.0 - 26-03-2024 *\/\n.elementor-widget-text-editor.elementor-drop-cap-view-stacked .elementor-drop-cap{background-color:#69727d;color:#fff}.elementor-widget-text-editor.elementor-drop-cap-view-framed .elementor-drop-cap{color:#69727d;border:3px solid;background-color:transparent}.elementor-widget-text-editor:not(.elementor-drop-cap-view-default) .elementor-drop-cap{margin-top:8px}.elementor-widget-text-editor:not(.elementor-drop-cap-view-default) .elementor-drop-cap-letter{width:1em;height:1em}.elementor-widget-text-editor .elementor-drop-cap{float:left;text-align:center;line-height:1;font-size:50px}.elementor-widget-text-editor .elementor-drop-cap-letter{display:inline-block}<\/style>\t\t\t\t<p>Na\u0161i u\u010desnici su uspe\u0161no zavr\u0161ili projekat \u201eS.T.O.R.I.E. (Stories and Trails of Resistance in Europe)\u201c, koji je organizovala [Ime va\u0161e organizacije], a odr\u017eao se od 17. do 28. juna 2024. godine u Lami Dei Pelinji, Italija. Su-finansiran od strane Evropske unije, ovaj projekat je u\u010desnicima pru\u017eio nove perspektive o temama otpora, slobode i trajne relevantnosti istorijskih narativa u savremenom svetu.<\/p><p><br><\/p>\n<p>Tokom projekta, u\u010desnici su istra\u017eivali nasle\u0111e partizanskog otpora i povezivali ove pri\u010de sa savremenim pitanjima poput migracija i represije. Pro\u0161li su delove Staze slobode, prou\u010davaju\u0107i istoriju brigade Majela, i u\u010destvovali u refleksivnim diskusijama o paralelama izme\u0111u pro\u0161lih i sada\u0161njih borbi. Ove aktivnosti su istakle va\u017enost otpornosti i stalne borbe za pravdu u savremenom dru\u0161tvu.<\/p><p><br><\/p>\n<p>Program je naglasio kriti\u010dko razmi\u0161ljanje i kreativnost kroz radionice i laboratorije za video produkciju, gde su u\u010desnici dokumentovali svoja iskustva i prikupljali svedo\u010danstva lokalnih zajednica. Ove prakti\u010dne aktivnosti pomogle su im da razviju ve\u0161tine pripovedanja, dok su podsticale razumevanje vrednosti o\u010duvanja istorije i njenih lekcija.<\/p><p><br><\/p>\n<p>Pored toga, u\u010desnici su se bavili \u0161irim temama, uklju\u010duju\u0107i savremene konflikte, izazove dezinformacija i omladinski gra\u0111anski otpor u suo\u010davanju sa klimatskim promenama i socijalnim nejednakostima. Stekli su alate za suzbijanje la\u017enih vesti i podsticanje aktivizma, osposobljavaju\u0107i ih da se uhvate u ko\u0161tac sa ovim izazovima u svojim zajednicama.<\/p><p><br><\/p>\n<p>Ovaj Erasmus+ projekat, su-finansiran od strane Evropske unije i organizivan od strane APS 0121 organizacije, pru\u017eio je transformativno iskustvo, kombinuju\u0107i u\u010denje na otvorenom i istorijsko obrazovanje sa kreativno\u0161\u0107u i aktivizmom. Naoru\u017eani novim znanjem i prakti\u010dnim ve\u0161tinama, u\u010desnici su spremni da promovi\u0161u vrednosti slobode, inkluzivnosti i otpora u svojim zajednicama, inspiri\u0161u\u0107i druge da se anga\u017euju sa pro\u0161lo\u0161\u0107u i sada\u0161njo\u0161\u0107u Evrope kroz kriti\u010dnu i kreativnu prizmu.<\/p>\t\t\t\t\t\t<\/div>\n\t\t\t\t<\/div>\n\t\t\t\t\t<\/div>\n\t\t<\/div>\n\t\t\t\t\t<\/div>\n\t\t<\/section>\n\t\t\t\t<section class=\"elementor-section elementor-top-section elementor-element elementor-element-f78ab6a elementor-section-content-middle elementor-section-boxed elementor-section-height-default elementor-section-height-default\" data-id=\"f78ab6a\" data-element_type=\"section\" data-settings=\"{&quot;background_background&quot;:&quot;classic&quot;,&quot;shape_divider_top&quot;:&quot;opacity-fan&quot;,&quot;shape_divider_bottom&quot;:&quot;opacity-fan&quot;}\">\n\t\t\t\t\t\t\t<div class=\"elementor-background-overlay\"><\/div>\n\t\t\t\t\t\t<div class=\"elementor-shape elementor-shape-top\" data-negative=\"false\">\n\t\t\t<svg xmlns=\"http:\/\/www.w3.org\/2000\/svg\" viewbox=\"0 0 283.5 19.6\" preserveaspectratio=\"none\">\n\t<path class=\"elementor-shape-fill\" style=\"opacity:0.33\" d=\"M0 0L0 18.8 141.8 4.1 283.5 18.8 283.5 0z\"\/>\n\t<path class=\"elementor-shape-fill\" style=\"opacity:0.33\" d=\"M0 0L0 12.6 141.8 4 283.5 12.6 283.5 0z\"\/>\n\t<path class=\"elementor-shape-fill\" style=\"opacity:0.33\" d=\"M0 0L0 6.4 141.8 4 283.5 6.4 283.5 0z\"\/>\n\t<path class=\"elementor-shape-fill\" d=\"M0 0L0 1.2 141.8 4 283.5 1.2 283.5 0z\"\/>\n<\/svg>\t\t<\/div>\n\t\t\t\t<div class=\"elementor-shape elementor-shape-bottom\" data-negative=\"false\">\n\t\t\t<svg xmlns=\"http:\/\/www.w3.org\/2000\/svg\" viewbox=\"0 0 283.5 19.6\" preserveaspectratio=\"none\">\n\t<path class=\"elementor-shape-fill\" style=\"opacity:0.33\" d=\"M0 0L0 18.8 141.8 4.1 283.5 18.8 283.5 0z\"\/>\n\t<path class=\"elementor-shape-fill\" style=\"opacity:0.33\" d=\"M0 0L0 12.6 141.8 4 283.5 12.6 283.5 0z\"\/>\n\t<path class=\"elementor-shape-fill\" style=\"opacity:0.33\" d=\"M0 0L0 6.4 141.8 4 283.5 6.4 283.5 0z\"\/>\n\t<path class=\"elementor-shape-fill\" d=\"M0 0L0 1.2 141.8 4 283.5 1.2 283.5 0z\"\/>\n<\/svg>\t\t<\/div>\n\t\t\t\t\t<div class=\"elementor-container elementor-column-gap-wide\">\n\t\t\t\t\t<div class=\"elementor-column elementor-col-33 elementor-top-column elementor-element elementor-element-4819f29\" data-id=\"4819f29\" data-element_type=\"column\">\n\t\t\t<div class=\"elementor-widget-wrap elementor-element-populated\">\n\t\t\t\t\t\t<div class=\"elementor-element elementor-element-9eee564 elementor-widget elementor-widget-image\" data-id=\"9eee564\" data-element_type=\"widget\" data-widget_type=\"image.default\">\n\t\t\t\t<div class=\"elementor-widget-container\">\n\t\t\t<style>\/*! elementor - v3.20.0 - 26-03-2024 *\/\n.elementor-widget-image{text-align:center}.elementor-widget-image a{display:inline-block}.elementor-widget-image a img[src$=\".svg\"]{width:48px}.elementor-widget-image img{vertical-align:middle;display:inline-block}<\/style>\t\t\t\t\t\t\t\t\t\t\t<a href=\"https:\/\/www.euroactivesrb.org\/wp-content\/uploads\/2024\/12\/IMG-20241016-WA0025-scaled.jpg\" data-elementor-open-lightbox=\"yes\" data-elementor-lightbox-title=\"IMG-20241016-WA0025\" data-e-action-hash=\"#elementor-action%3Aaction%3Dlightbox%26settings%3DeyJpZCI6NDI4NSwidXJsIjoiaHR0cHM6XC9cL3d3dy5ldXJvYWN0aXZlc3JiLm9yZ1wvd3AtY29udGVudFwvdXBsb2Fkc1wvMjAyNFwvMTJcL0lNRy0yMDI0MTAxNi1XQTAwMjUtc2NhbGVkLmpwZyJ9\">\n\t\t\t\t\t\t\t<img fetchpriority=\"high\" decoding=\"async\" width=\"1024\" height=\"768\" src=\"https:\/\/www.euroactivesrb.org\/wp-content\/uploads\/2024\/12\/IMG-20241016-WA0025-1024x768.jpg\" class=\"attachment-large size-large wp-image-4285\" alt=\"\" srcset=\"https:\/\/www.euroactivesrb.org\/wp-content\/uploads\/2024\/12\/IMG-20241016-WA0025-1024x768.jpg 1024w, https:\/\/www.euroactivesrb.org\/wp-content\/uploads\/2024\/12\/IMG-20241016-WA0025-300x225.jpg 300w, https:\/\/www.euroactivesrb.org\/wp-content\/uploads\/2024\/12\/IMG-20241016-WA0025-768x576.jpg 768w, https:\/\/www.euroactivesrb.org\/wp-content\/uploads\/2024\/12\/IMG-20241016-WA0025-1536x1152.jpg 1536w, https:\/\/www.euroactivesrb.org\/wp-content\/uploads\/2024\/12\/IMG-20241016-WA0025-2048x1536.jpg 2048w, https:\/\/www.euroactivesrb.org\/wp-content\/uploads\/2024\/12\/IMG-20241016-WA0025-16x12.jpg 16w\" sizes=\"(max-width: 1024px) 100vw, 1024px\" \/>\t\t\t\t\t\t\t\t<\/a>\n\t\t\t\t\t\t\t\t\t\t\t\t\t<\/div>\n\t\t\t\t<\/div>\n\t\t\t\t<div class=\"elementor-element elementor-element-dcda4e1 elementor-widget elementor-widget-image\" data-id=\"dcda4e1\" data-element_type=\"widget\" data-widget_type=\"image.default\">\n\t\t\t\t<div class=\"elementor-widget-container\">\n\t\t\t\t\t\t\t\t\t\t\t\t\t\t<a href=\"https:\/\/www.euroactivesrb.org\/wp-content\/uploads\/2024\/12\/IMG-20241016-WA0005-e1734353301631.jpg\" data-elementor-open-lightbox=\"yes\" data-elementor-lightbox-title=\"IMG-20241016-WA0005\" data-e-action-hash=\"#elementor-action%3Aaction%3Dlightbox%26settings%3DeyJpZCI6NDI4MywidXJsIjoiaHR0cHM6XC9cL3d3dy5ldXJvYWN0aXZlc3JiLm9yZ1wvd3AtY29udGVudFwvdXBsb2Fkc1wvMjAyNFwvMTJcL0lNRy0yMDI0MTAxNi1XQTAwMDUtZTE3MzQzNTMzMDE2MzEuanBnIn0%3D\">\n\t\t\t\t\t\t\t<img decoding=\"async\" width=\"1024\" height=\"783\" src=\"https:\/\/www.euroactivesrb.org\/wp-content\/uploads\/2024\/12\/IMG-20241016-WA0005-e1734353301631-1024x783.jpg\" class=\"attachment-large size-large wp-image-4283\" alt=\"\" srcset=\"https:\/\/www.euroactivesrb.org\/wp-content\/uploads\/2024\/12\/IMG-20241016-WA0005-e1734353301631-1024x783.jpg 1024w, https:\/\/www.euroactivesrb.org\/wp-content\/uploads\/2024\/12\/IMG-20241016-WA0005-e1734353301631-300x229.jpg 300w, https:\/\/www.euroactivesrb.org\/wp-content\/uploads\/2024\/12\/IMG-20241016-WA0005-e1734353301631-768x587.jpg 768w, https:\/\/www.euroactivesrb.org\/wp-content\/uploads\/2024\/12\/IMG-20241016-WA0005-e1734353301631-16x12.jpg 16w, https:\/\/www.euroactivesrb.org\/wp-content\/uploads\/2024\/12\/IMG-20241016-WA0005-e1734353301631.jpg 1506w\" sizes=\"(max-width: 1024px) 100vw, 1024px\" \/>\t\t\t\t\t\t\t\t<\/a>\n\t\t\t\t\t\t\t\t\t\t\t\t\t<\/div>\n\t\t\t\t<\/div>\n\t\t\t\t\t<\/div>\n\t\t<\/div>\n\t\t\t\t<div class=\"elementor-column elementor-col-33 elementor-top-column elementor-element elementor-element-738be26\" data-id=\"738be26\" data-element_type=\"column\">\n\t\t\t<div class=\"elementor-widget-wrap elementor-element-populated\">\n\t\t\t\t\t\t<div class=\"elementor-element elementor-element-4b3dedc elementor-widget elementor-widget-image\" data-id=\"4b3dedc\" data-element_type=\"widget\" data-widget_type=\"image.default\">\n\t\t\t\t<div class=\"elementor-widget-container\">\n\t\t\t\t\t\t\t\t\t\t\t\t\t\t<a href=\"https:\/\/www.euroactivesrb.org\/wp-content\/uploads\/2024\/12\/IMG-20241016-WA0007.jpg\" data-elementor-open-lightbox=\"yes\" data-elementor-lightbox-title=\"IMG-20241016-WA0007\" data-e-action-hash=\"#elementor-action%3Aaction%3Dlightbox%26settings%3DeyJpZCI6NDI4NCwidXJsIjoiaHR0cHM6XC9cL3d3dy5ldXJvYWN0aXZlc3JiLm9yZ1wvd3AtY29udGVudFwvdXBsb2Fkc1wvMjAyNFwvMTJcL0lNRy0yMDI0MTAxNi1XQTAwMDcuanBnIn0%3D\">\n\t\t\t\t\t\t\t<img decoding=\"async\" width=\"1024\" height=\"768\" src=\"https:\/\/www.euroactivesrb.org\/wp-content\/uploads\/2024\/12\/IMG-20241016-WA0007-1024x768.jpg\" class=\"attachment-large size-large wp-image-4284\" alt=\"\" srcset=\"https:\/\/www.euroactivesrb.org\/wp-content\/uploads\/2024\/12\/IMG-20241016-WA0007-1024x768.jpg 1024w, https:\/\/www.euroactivesrb.org\/wp-content\/uploads\/2024\/12\/IMG-20241016-WA0007-300x225.jpg 300w, https:\/\/www.euroactivesrb.org\/wp-content\/uploads\/2024\/12\/IMG-20241016-WA0007-768x576.jpg 768w, https:\/\/www.euroactivesrb.org\/wp-content\/uploads\/2024\/12\/IMG-20241016-WA0007-1536x1152.jpg 1536w, https:\/\/www.euroactivesrb.org\/wp-content\/uploads\/2024\/12\/IMG-20241016-WA0007-16x12.jpg 16w, https:\/\/www.euroactivesrb.org\/wp-content\/uploads\/2024\/12\/IMG-20241016-WA0007.jpg 2048w\" sizes=\"(max-width: 1024px) 100vw, 1024px\" \/>\t\t\t\t\t\t\t\t<\/a>\n\t\t\t\t\t\t\t\t\t\t\t\t\t<\/div>\n\t\t\t\t<\/div>\n\t\t\t\t<div class=\"elementor-element elementor-element-d0a2dbd elementor-widget elementor-widget-image\" data-id=\"d0a2dbd\" data-element_type=\"widget\" data-widget_type=\"image.default\">\n\t\t\t\t<div class=\"elementor-widget-container\">\n\t\t\t\t\t\t\t\t\t\t\t\t\t\t<a href=\"https:\/\/www.euroactivesrb.org\/wp-content\/uploads\/2024\/12\/IMG-20241016-WA0001-e1734353251128.jpg\" data-elementor-open-lightbox=\"yes\" data-elementor-lightbox-title=\"IMG-20241016-WA0001\" data-e-action-hash=\"#elementor-action%3Aaction%3Dlightbox%26settings%3DeyJpZCI6NDI4MiwidXJsIjoiaHR0cHM6XC9cL3d3dy5ldXJvYWN0aXZlc3JiLm9yZ1wvd3AtY29udGVudFwvdXBsb2Fkc1wvMjAyNFwvMTJcL0lNRy0yMDI0MTAxNi1XQTAwMDEtZTE3MzQzNTMyNTExMjguanBnIn0%3D\">\n\t\t\t\t\t\t\t<img loading=\"lazy\" decoding=\"async\" width=\"1024\" height=\"783\" src=\"https:\/\/www.euroactivesrb.org\/wp-content\/uploads\/2024\/12\/IMG-20241016-WA0001-e1734353251128-1024x783.jpg\" class=\"attachment-large size-large wp-image-4282\" alt=\"\" srcset=\"https:\/\/www.euroactivesrb.org\/wp-content\/uploads\/2024\/12\/IMG-20241016-WA0001-e1734353251128-1024x783.jpg 1024w, https:\/\/www.euroactivesrb.org\/wp-content\/uploads\/2024\/12\/IMG-20241016-WA0001-e1734353251128-300x229.jpg 300w, https:\/\/www.euroactivesrb.org\/wp-content\/uploads\/2024\/12\/IMG-20241016-WA0001-e1734353251128-768x587.jpg 768w, https:\/\/www.euroactivesrb.org\/wp-content\/uploads\/2024\/12\/IMG-20241016-WA0001-e1734353251128-16x12.jpg 16w, https:\/\/www.euroactivesrb.org\/wp-content\/uploads\/2024\/12\/IMG-20241016-WA0001-e1734353251128.jpg 1506w\" sizes=\"(max-width: 1024px) 100vw, 1024px\" \/>\t\t\t\t\t\t\t\t<\/a>\n\t\t\t\t\t\t\t\t\t\t\t\t\t<\/div>\n\t\t\t\t<\/div>\n\t\t\t\t\t<\/div>\n\t\t<\/div>\n\t\t\t\t<div class=\"elementor-column elementor-col-33 elementor-top-column elementor-element elementor-element-a765467\" data-id=\"a765467\" data-element_type=\"column\">\n\t\t\t<div class=\"elementor-widget-wrap elementor-element-populated\">\n\t\t\t\t\t\t<div class=\"elementor-element elementor-element-8f2e63f elementor-widget elementor-widget-image\" data-id=\"8f2e63f\" data-element_type=\"widget\" data-widget_type=\"image.default\">\n\t\t\t\t<div class=\"elementor-widget-container\">\n\t\t\t\t\t\t\t\t\t\t\t\t\t\t<a href=\"https:\/\/www.euroactivesrb.org\/wp-content\/uploads\/2024\/12\/IMG_8339-1-scaled.jpg\" data-elementor-open-lightbox=\"yes\" data-elementor-lightbox-title=\"IMG_8339\" data-e-action-hash=\"#elementor-action%3Aaction%3Dlightbox%26settings%3DeyJpZCI6NDI4MCwidXJsIjoiaHR0cHM6XC9cL3d3dy5ldXJvYWN0aXZlc3JiLm9yZ1wvd3AtY29udGVudFwvdXBsb2Fkc1wvMjAyNFwvMTJcL0lNR184MzM5LTEtc2NhbGVkLmpwZyJ9\">\n\t\t\t\t\t\t\t<img loading=\"lazy\" decoding=\"async\" width=\"1024\" height=\"768\" src=\"https:\/\/www.euroactivesrb.org\/wp-content\/uploads\/2024\/12\/IMG_8339-1-1024x768.jpg\" class=\"attachment-large size-large wp-image-4280\" alt=\"\" srcset=\"https:\/\/www.euroactivesrb.org\/wp-content\/uploads\/2024\/12\/IMG_8339-1-1024x768.jpg 1024w, https:\/\/www.euroactivesrb.org\/wp-content\/uploads\/2024\/12\/IMG_8339-1-300x225.jpg 300w, https:\/\/www.euroactivesrb.org\/wp-content\/uploads\/2024\/12\/IMG_8339-1-768x576.jpg 768w, https:\/\/www.euroactivesrb.org\/wp-content\/uploads\/2024\/12\/IMG_8339-1-1536x1152.jpg 1536w, https:\/\/www.euroactivesrb.org\/wp-content\/uploads\/2024\/12\/IMG_8339-1-2048x1536.jpg 2048w, https:\/\/www.euroactivesrb.org\/wp-content\/uploads\/2024\/12\/IMG_8339-1-16x12.jpg 16w\" sizes=\"(max-width: 1024px) 100vw, 1024px\" \/>\t\t\t\t\t\t\t\t<\/a>\n\t\t\t\t\t\t\t\t\t\t\t\t\t<\/div>\n\t\t\t\t<\/div>\n\t\t\t\t<div class=\"elementor-element elementor-element-1ab3e66 elementor-widget elementor-widget-image\" data-id=\"1ab3e66\" data-element_type=\"widget\" data-widget_type=\"image.default\">\n\t\t\t\t<div class=\"elementor-widget-container\">\n\t\t\t\t\t\t\t\t\t\t\t\t\t\t<a href=\"https:\/\/www.euroactivesrb.org\/wp-content\/uploads\/2024\/12\/IMG-20240901-WA0008.jpg\" data-elementor-open-lightbox=\"yes\" data-elementor-lightbox-title=\"IMG-20240901-WA0008\" data-e-action-hash=\"#elementor-action%3Aaction%3Dlightbox%26settings%3DeyJpZCI6NDI4MSwidXJsIjoiaHR0cHM6XC9cL3d3dy5ldXJvYWN0aXZlc3JiLm9yZ1wvd3AtY29udGVudFwvdXBsb2Fkc1wvMjAyNFwvMTJcL0lNRy0yMDI0MDkwMS1XQTAwMDguanBnIn0%3D\">\n\t\t\t\t\t\t\t<img loading=\"lazy\" decoding=\"async\" width=\"1024\" height=\"768\" src=\"https:\/\/www.euroactivesrb.org\/wp-content\/uploads\/2024\/12\/IMG-20240901-WA0008-1024x768.jpg\" class=\"attachment-large size-large wp-image-4281\" alt=\"\" srcset=\"https:\/\/www.euroactivesrb.org\/wp-content\/uploads\/2024\/12\/IMG-20240901-WA0008-1024x768.jpg 1024w, https:\/\/www.euroactivesrb.org\/wp-content\/uploads\/2024\/12\/IMG-20240901-WA0008-300x225.jpg 300w, https:\/\/www.euroactivesrb.org\/wp-content\/uploads\/2024\/12\/IMG-20240901-WA0008-768x576.jpg 768w, https:\/\/www.euroactivesrb.org\/wp-content\/uploads\/2024\/12\/IMG-20240901-WA0008-1536x1152.jpg 1536w, https:\/\/www.euroactivesrb.org\/wp-content\/uploads\/2024\/12\/IMG-20240901-WA0008-16x12.jpg 16w, https:\/\/www.euroactivesrb.org\/wp-content\/uploads\/2024\/12\/IMG-20240901-WA0008.jpg 2048w\" sizes=\"(max-width: 1024px) 100vw, 1024px\" \/>\t\t\t\t\t\t\t\t<\/a>\n\t\t\t\t\t\t\t\t\t\t\t\t\t<\/div>\n\t\t\t\t<\/div>\n\t\t\t\t\t<\/div>\n\t\t<\/div>\n\t\t\t\t\t<\/div>\n\t\t<\/section>\n\t\t\t\t<\/div>","protected":false},"excerpt":{"rendered":"<p>S.T.O.R.I.E. Youth Exchange 28.08-06.09.2024. Lama Dei Peligni, Italy Our participants have successfully completed the \u201cS.T.O.R.I.E. (Stories and Trails of Resistance in Europe)\u201d project, which took place from June 17th to June 28th, 2024, in Lama Dei Peligni, Italy. They return home with enriched perspectives on the themes of resistance, freedom, and the enduring relevance of &hellip;<\/p>\n<p class=\"read-more\"> <a class=\"\" href=\"https:\/\/www.euroactivesrb.org\/sr\/s-t-o-r-i-e\/\"> <span class=\"screen-reader-text\">S.T.O.R.I.E.<\/span> \u041f\u0440\u043e\u0447\u0438\u0442\u0430\u0458 \u0432\u0438\u0448\u0435 &raquo;<\/a><\/p>","protected":false},"author":1,"featured_media":0,"parent":0,"menu_order":0,"comment_status":"closed","ping_status":"closed","template":"","meta":{"bgseo_title":"S.T.O.R.I.E. (28.08 -06.09.2024) - Euroactive Serbia","bgseo_description":"Supported by the Erasmus+ program, this project showcased the incredible impact of collective efforts in advancing youth education. Organized by the APS 0121 from Italy, our team at Euroactive Serbia is immensely proud to have partnered in this impactful project and to have contributed to its notable success.","bgseo_robots_index":"index","bgseo_robots_follow":"follow","_monsterinsights_skip_tracking":false,"_monsterinsights_sitenote_active":false,"_monsterinsights_sitenote_note":"","_monsterinsights_sitenote_category":0,"site-sidebar-layout":"no-sidebar","site-content-layout":"page-builder","ast-site-content-layout":"full-width-container","site-content-style":"default","site-sidebar-style":"default","ast-global-header-display":"","ast-banner-title-visibility":"","ast-main-header-display":"","ast-hfb-above-header-display":"","ast-hfb-below-header-display":"","ast-hfb-mobile-header-display":"","site-post-title":"disabled","ast-breadcrumbs-content":"","ast-featured-img":"disabled","footer-sml-layout":"","theme-transparent-header-meta":"","adv-header-id-meta":"","stick-header-meta":"","header-above-stick-meta":"","header-main-stick-meta":"","header-below-stick-meta":"","astra-migrate-meta-layouts":"set","ast-page-background-enabled":"default","ast-page-background-meta":{"desktop":{"background-color":"var(--ast-global-color-4)","background-image":"","background-repeat":"repeat","background-position":"center center","background-size":"auto","background-attachment":"scroll","background-type":"","background-media":"","overlay-type":"","overlay-color":"","overlay-gradient":""},"tablet":{"background-color":"","background-image":"","background-repeat":"repeat","background-position":"center center","background-size":"auto","background-attachment":"scroll","background-type":"","background-media":"","overlay-type":"","overlay-color":"","overlay-gradient":""},"mobile":{"background-color":"","background-image":"","background-repeat":"repeat","background-position":"center center","background-size":"auto","background-attachment":"scroll","background-type":"","background-media":"","overlay-type":"","overlay-color":"","overlay-gradient":""}},"ast-content-background-meta":{"desktop":{"background-color":"var(--ast-global-color-5)","background-image":"","background-repeat":"repeat","background-position":"center center","background-size":"auto","background-attachment":"scroll","background-type":"","background-media":"","overlay-type":"","overlay-color":"","overlay-gradient":""},"tablet":{"background-color":"var(--ast-global-color-5)","background-image":"","background-repeat":"repeat","background-position":"center center","background-size":"auto","background-attachment":"scroll","background-type":"","background-media":"","overlay-type":"","overlay-color":"","overlay-gradient":""},"mobile":{"background-color":"var(--ast-global-color-5)","background-image":"","background-repeat":"repeat","background-position":"center center","background-size":"auto","background-attachment":"scroll","background-type":"","background-media":"","overlay-type":"","overlay-color":"","overlay-gradient":""}},"footnotes":""},"class_list":["post-4275","page","type-page","status-publish","hentry"],"aioseo_notices":[],"_links":{"self":[{"href":"https:\/\/www.euroactivesrb.org\/sr\/wp-json\/wp\/v2\/pages\/4275","targetHints":{"allow":["GET"]}}],"collection":[{"href":"https:\/\/www.euroactivesrb.org\/sr\/wp-json\/wp\/v2\/pages"}],"about":[{"href":"https:\/\/www.euroactivesrb.org\/sr\/wp-json\/wp\/v2\/types\/page"}],"author":[{"embeddable":true,"href":"https:\/\/www.euroactivesrb.org\/sr\/wp-json\/wp\/v2\/users\/1"}],"replies":[{"embeddable":true,"href":"https:\/\/www.euroactivesrb.org\/sr\/wp-json\/wp\/v2\/comments?post=4275"}],"version-history":[{"count":4,"href":"https:\/\/www.euroactivesrb.org\/sr\/wp-json\/wp\/v2\/pages\/4275\/revisions"}],"predecessor-version":[{"id":4288,"href":"https:\/\/www.euroactivesrb.org\/sr\/wp-json\/wp\/v2\/pages\/4275\/revisions\/4288"}],"wp:attachment":[{"href":"https:\/\/www.euroactivesrb.org\/sr\/wp-json\/wp\/v2\/media?parent=4275"}],"curies":[{"name":"wp","href":"https:\/\/api.w.org\/{rel}","templated":true}]}}