{"id":4398,"date":"2025-03-18T16:03:48","date_gmt":"2025-03-18T16:03:48","guid":{"rendered":"https:\/\/www.euroactivesrb.org\/?page_id=4398"},"modified":"2025-03-18T16:24:45","modified_gmt":"2025-03-18T16:24:45","slug":"greenpreneurship","status":"publish","type":"page","link":"https:\/\/www.euroactivesrb.org\/sr\/greenpreneurship\/","title":{"rendered":"Greenpreneurship"},"content":{"rendered":"<div data-elementor-type=\"wp-page\" data-elementor-id=\"4398\" class=\"elementor elementor-4398\">\n\t\t\t\t<div class=\"elementor-element elementor-element-dde13d8 e-flex e-con-boxed e-con e-parent\" data-id=\"dde13d8\" data-element_type=\"container\" data-settings=\"{&quot;background_background&quot;:&quot;classic&quot;}\" data-core-v316-plus=\"true\">\n\t\t\t\t\t<div class=\"e-con-inner\">\n\t\t\t\t<div class=\"elementor-element elementor-element-2d259c6 elementor-widget elementor-widget-heading\" data-id=\"2d259c6\" data-element_type=\"widget\" data-widget_type=\"heading.default\">\n\t\t\t\t<div class=\"elementor-widget-container\">\n\t\t\t<style>\/*! elementor - v3.20.0 - 26-03-2024 *\/\n.elementor-heading-title{padding:0;margin:0;line-height:1}.elementor-widget-heading .elementor-heading-title[class*=elementor-size-]>a{color:inherit;font-size:inherit;line-height:inherit}.elementor-widget-heading .elementor-heading-title.elementor-size-small{font-size:15px}.elementor-widget-heading .elementor-heading-title.elementor-size-medium{font-size:19px}.elementor-widget-heading .elementor-heading-title.elementor-size-large{font-size:29px}.elementor-widget-heading .elementor-heading-title.elementor-size-xl{font-size:39px}.elementor-widget-heading .elementor-heading-title.elementor-size-xxl{font-size:59px}<\/style><h1 class=\"elementor-heading-title elementor-size-default\">GREENPRENEURSHIP <\/h1>\t\t<\/div>\n\t\t\t\t<\/div>\n\t\t\t\t\t<\/div>\n\t\t\t\t<\/div>\n\t\t<div class=\"elementor-element elementor-element-de873ad e-flex e-con-boxed e-con e-parent\" data-id=\"de873ad\" data-element_type=\"container\" data-core-v316-plus=\"true\">\n\t\t\t\t\t<div class=\"e-con-inner\">\n\t\t<div class=\"elementor-element elementor-element-08385c9 e-con-full e-flex e-con e-child\" data-id=\"08385c9\" data-element_type=\"container\">\n\t\t\t\t<\/div>\n\t\t<div class=\"elementor-element elementor-element-fe51fa5 e-con-full e-flex e-con e-child\" data-id=\"fe51fa5\" data-element_type=\"container\">\n\t\t\t\t<div class=\"elementor-element elementor-element-1f5f75d elementor-widget elementor-widget-heading\" data-id=\"1f5f75d\" data-element_type=\"widget\" data-widget_type=\"heading.default\">\n\t\t\t\t<div class=\"elementor-widget-container\">\n\t\t\t<h2 class=\"elementor-heading-title elementor-size-default\">Trening kurs<\/h2>\t\t<\/div>\n\t\t\t\t<\/div>\n\t\t\t\t<div class=\"elementor-element elementor-element-f5290e2 elementor-widget elementor-widget-heading\" data-id=\"f5290e2\" data-element_type=\"widget\" data-widget_type=\"heading.default\">\n\t\t\t\t<div class=\"elementor-widget-container\">\n\t\t\t<h2 class=\"elementor-heading-title elementor-size-default\">07.10-15.10.2024.<\/h2>\t\t<\/div>\n\t\t\t\t<\/div>\n\t\t\t\t<div class=\"elementor-element elementor-element-6639491 elementor-widget elementor-widget-heading\" data-id=\"6639491\" data-element_type=\"widget\" data-widget_type=\"heading.default\">\n\t\t\t\t<div class=\"elementor-widget-container\">\n\t\t\t<h2 class=\"elementor-heading-title elementor-size-default\">Orebi\u0107, Croatia<\/h2>\t\t<\/div>\n\t\t\t\t<\/div>\n\t\t\t\t<\/div>\n\t\t<div class=\"elementor-element elementor-element-1eeb391 e-con-full e-flex e-con e-child\" data-id=\"1eeb391\" data-element_type=\"container\">\n\t\t\t\t<\/div>\n\t\t\t\t\t<\/div>\n\t\t\t\t<\/div>\n\t\t\t\t<section class=\"elementor-section elementor-top-section elementor-element elementor-element-b1ca99c elementor-section-content-top elementor-section-boxed elementor-section-height-default elementor-section-height-default\" data-id=\"b1ca99c\" data-element_type=\"section\" data-settings=\"{&quot;background_background&quot;:&quot;classic&quot;}\">\n\t\t\t\t\t\t\t<div class=\"elementor-background-overlay\"><\/div>\n\t\t\t\t\t\t\t<div class=\"elementor-container elementor-column-gap-no\">\n\t\t\t\t\t<div class=\"elementor-column elementor-col-100 elementor-top-column elementor-element elementor-element-5d7b6f4\" data-id=\"5d7b6f4\" data-element_type=\"column\" data-settings=\"{&quot;background_background&quot;:&quot;classic&quot;}\">\n\t\t\t<div class=\"elementor-widget-wrap elementor-element-populated\">\n\t\t\t\t\t<div class=\"elementor-background-overlay\"><\/div>\n\t\t\t\t\t\t<div class=\"elementor-element elementor-element-939adef elementor-widget__width-initial elementor-widget elementor-widget-text-editor\" data-id=\"939adef\" data-element_type=\"widget\" data-widget_type=\"text-editor.default\">\n\t\t\t\t<div class=\"elementor-widget-container\">\n\t\t\t<style>\/*! elementor - v3.20.0 - 26-03-2024 *\/\n.elementor-widget-text-editor.elementor-drop-cap-view-stacked .elementor-drop-cap{background-color:#69727d;color:#fff}.elementor-widget-text-editor.elementor-drop-cap-view-framed .elementor-drop-cap{color:#69727d;border:3px solid;background-color:transparent}.elementor-widget-text-editor:not(.elementor-drop-cap-view-default) .elementor-drop-cap{margin-top:8px}.elementor-widget-text-editor:not(.elementor-drop-cap-view-default) .elementor-drop-cap-letter{width:1em;height:1em}.elementor-widget-text-editor .elementor-drop-cap{float:left;text-align:center;line-height:1;font-size:50px}.elementor-widget-text-editor .elementor-drop-cap-letter{display:inline-block}<\/style>\t\t\t\t<p>Sa zadovoljstvom najavljujemo uspe\u0161an zavr\u0161etak Erasmus+ trening kursa <em>\u201cGreenpreneurship for Sustainable Futures\u201d<\/em>, koji se odr\u017eao u Borju, Orebi\u0107, Hrvatska, od 7. do 15. oktobra 2024. godine. Ovaj projekat mobilnosti omladinskih radnika pru\u017eio je priliku organizaciji Euroactive Serbia da sara\u0111uje sa omladinskim radnicima i edukatorima iz cele Evrope, istra\u017euju\u0107i kako preduzetni\u0161tvo i odr\u017eivost mogu zajedno doprineti razvoju zelenih inovacija.<\/p><p><br><\/p>\n<p>Trening je bio usmeren na osposobljavanje u\u010desnika sa znanjem i alatima za razvoj odr\u017eivih poslovnih modela, integraciju principa cirkularne ekonomije i kreiranje ekolo\u0161ki odgovornih inicijativa. Kroz interaktivne radionice, prakti\u010dne aktivnosti i grupne izazove, istra\u017eivali smo na\u010dine za smanjenje otpada, odgovorno upravljanje resursima i implementaciju ekolo\u0161kih poslovnih ideja.<\/p><p><br><\/p>\n<p>Jedan od vrhunaca treninga bila je prilika da razvijemo konkretne zelene poslovne planove i testiramo njihovu izvodljivost kroz prakti\u010dne ve\u017ebe. U\u010desnici su u\u010destvovali u simulacijama i analizama studija slu\u010daja, u\u010de\u0107i kako da balansiraju finansijsku odr\u017eivost sa dru\u0161tvenim i ekolo\u0161kim uticajem. Tako\u0111e smo istra\u017eivali uspe\u0161ne primere zelenog preduzetni\u0161tva i diskutovali o na\u010dinima njihove primene u na\u0161im zajednicama.<\/p><p><br><\/p>\n<p>Pored razmene znanja, projekat je podstakao umre\u017eavanje i razvoj budu\u0107ih saradnji, omogu\u0107avaju\u0107i u\u010desnicima da se pove\u017eu, razmene iskustva i planiraju zajedni\u010dke inicijative. Strukturisane sesije omogu\u0107ile su kreiranje novih projekata koji \u0107e osigurati dugoro\u010dan uticaj ovog treninga.<\/p><p><br><\/p>\n<p>Na\u0161e u\u010de\u0161\u0107e u <em>\u201cGreenpreneurship for Sustainable Futures\u201d<\/em> potvrdilo je zna\u010daj integracije odr\u017eivosti u preduzetni\u0161tvo. U\u010de\u0107i kako da razvijemo ekolo\u0161ki odgovorne poslovne modele, stekli smo dragocena znanja o tome kako mo\u017eemo doprineti zelenijoj budu\u0107nosti.&nbsp;<\/p><p><br><\/p>\n<p>Podr\u017ean od strane Erasmus+ programa i organizovan od strane Pozitive Samobor, ovaj trening nas je opremio prakti\u010dnim alatima i strategijama koje \u0107emo primeniti i podeliti unutar na\u0161e mre\u017ee. Radujemo se realizaciji projekata i saradnji koje \u0107e proiste\u0107i iz ovog iskustva u narednim mesecima.<\/p>\t\t\t\t\t\t<\/div>\n\t\t\t\t<\/div>\n\t\t\t\t\t<\/div>\n\t\t<\/div>\n\t\t\t\t\t<\/div>\n\t\t<\/section>\n\t\t\t\t<section class=\"elementor-section elementor-top-section elementor-element elementor-element-79366fa elementor-section-content-middle elementor-section-boxed elementor-section-height-default elementor-section-height-default\" data-id=\"79366fa\" data-element_type=\"section\" data-settings=\"{&quot;background_background&quot;:&quot;classic&quot;,&quot;shape_divider_top&quot;:&quot;opacity-fan&quot;,&quot;shape_divider_bottom&quot;:&quot;opacity-fan&quot;}\">\n\t\t\t\t\t\t\t<div class=\"elementor-background-overlay\"><\/div>\n\t\t\t\t\t\t<div class=\"elementor-shape elementor-shape-top\" data-negative=\"false\">\n\t\t\t<svg xmlns=\"http:\/\/www.w3.org\/2000\/svg\" viewbox=\"0 0 283.5 19.6\" preserveaspectratio=\"none\">\n\t<path class=\"elementor-shape-fill\" style=\"opacity:0.33\" d=\"M0 0L0 18.8 141.8 4.1 283.5 18.8 283.5 0z\"\/>\n\t<path class=\"elementor-shape-fill\" style=\"opacity:0.33\" d=\"M0 0L0 12.6 141.8 4 283.5 12.6 283.5 0z\"\/>\n\t<path class=\"elementor-shape-fill\" style=\"opacity:0.33\" d=\"M0 0L0 6.4 141.8 4 283.5 6.4 283.5 0z\"\/>\n\t<path class=\"elementor-shape-fill\" d=\"M0 0L0 1.2 141.8 4 283.5 1.2 283.5 0z\"\/>\n<\/svg>\t\t<\/div>\n\t\t\t\t<div class=\"elementor-shape elementor-shape-bottom\" data-negative=\"false\">\n\t\t\t<svg xmlns=\"http:\/\/www.w3.org\/2000\/svg\" viewbox=\"0 0 283.5 19.6\" preserveaspectratio=\"none\">\n\t<path class=\"elementor-shape-fill\" style=\"opacity:0.33\" d=\"M0 0L0 18.8 141.8 4.1 283.5 18.8 283.5 0z\"\/>\n\t<path class=\"elementor-shape-fill\" style=\"opacity:0.33\" d=\"M0 0L0 12.6 141.8 4 283.5 12.6 283.5 0z\"\/>\n\t<path class=\"elementor-shape-fill\" style=\"opacity:0.33\" d=\"M0 0L0 6.4 141.8 4 283.5 6.4 283.5 0z\"\/>\n\t<path class=\"elementor-shape-fill\" d=\"M0 0L0 1.2 141.8 4 283.5 1.2 283.5 0z\"\/>\n<\/svg>\t\t<\/div>\n\t\t\t\t\t<div class=\"elementor-container elementor-column-gap-wide\">\n\t\t\t\t\t<div class=\"elementor-column elementor-col-33 elementor-top-column elementor-element elementor-element-6613464\" data-id=\"6613464\" data-element_type=\"column\">\n\t\t\t<div class=\"elementor-widget-wrap elementor-element-populated\">\n\t\t\t\t\t\t<div class=\"elementor-element elementor-element-b37ebb5 elementor-widget elementor-widget-image\" data-id=\"b37ebb5\" data-element_type=\"widget\" data-widget_type=\"image.default\">\n\t\t\t\t<div class=\"elementor-widget-container\">\n\t\t\t<style>\/*! elementor - v3.20.0 - 26-03-2024 *\/\n.elementor-widget-image{text-align:center}.elementor-widget-image a{display:inline-block}.elementor-widget-image a img[src$=\".svg\"]{width:48px}.elementor-widget-image img{vertical-align:middle;display:inline-block}<\/style>\t\t\t\t\t\t\t\t\t\t\t<a href=\"https:\/\/www.euroactivesrb.org\/wp-content\/uploads\/2025\/03\/IMG-20241026-WA0144-scaled.jpg\" data-elementor-open-lightbox=\"yes\" data-elementor-lightbox-title=\"IMG-20241026-WA0144\" data-e-action-hash=\"#elementor-action%3Aaction%3Dlightbox%26settings%3DeyJpZCI6NDQwNywidXJsIjoiaHR0cHM6XC9cL3d3dy5ldXJvYWN0aXZlc3JiLm9yZ1wvd3AtY29udGVudFwvdXBsb2Fkc1wvMjAyNVwvMDNcL0lNRy0yMDI0MTAyNi1XQTAxNDQtc2NhbGVkLmpwZyJ9\">\n\t\t\t\t\t\t\t<img fetchpriority=\"high\" decoding=\"async\" width=\"768\" height=\"1024\" src=\"https:\/\/www.euroactivesrb.org\/wp-content\/uploads\/2025\/03\/IMG-20241026-WA0144-768x1024.jpg\" class=\"attachment-large size-large wp-image-4407\" alt=\"\" srcset=\"https:\/\/www.euroactivesrb.org\/wp-content\/uploads\/2025\/03\/IMG-20241026-WA0144-768x1024.jpg 768w, https:\/\/www.euroactivesrb.org\/wp-content\/uploads\/2025\/03\/IMG-20241026-WA0144-225x300.jpg 225w, https:\/\/www.euroactivesrb.org\/wp-content\/uploads\/2025\/03\/IMG-20241026-WA0144-1152x1536.jpg 1152w, https:\/\/www.euroactivesrb.org\/wp-content\/uploads\/2025\/03\/IMG-20241026-WA0144-1536x2048.jpg 1536w, https:\/\/www.euroactivesrb.org\/wp-content\/uploads\/2025\/03\/IMG-20241026-WA0144-9x12.jpg 9w, https:\/\/www.euroactivesrb.org\/wp-content\/uploads\/2025\/03\/IMG-20241026-WA0144-scaled.jpg 1920w\" sizes=\"(max-width: 768px) 100vw, 768px\" \/>\t\t\t\t\t\t\t\t<\/a>\n\t\t\t\t\t\t\t\t\t\t\t\t\t<\/div>\n\t\t\t\t<\/div>\n\t\t\t\t<div class=\"elementor-element elementor-element-e63e966 elementor-widget elementor-widget-image\" data-id=\"e63e966\" data-element_type=\"widget\" data-widget_type=\"image.default\">\n\t\t\t\t<div class=\"elementor-widget-container\">\n\t\t\t\t\t\t\t\t\t\t\t\t\t\t<a href=\"https:\/\/www.euroactivesrb.org\/wp-content\/uploads\/2025\/03\/IMG-20241026-WA0101-scaled.jpg\" data-elementor-open-lightbox=\"yes\" data-elementor-lightbox-title=\"IMG-20241026-WA0101\" data-e-action-hash=\"#elementor-action%3Aaction%3Dlightbox%26settings%3DeyJpZCI6NDQxMCwidXJsIjoiaHR0cHM6XC9cL3d3dy5ldXJvYWN0aXZlc3JiLm9yZ1wvd3AtY29udGVudFwvdXBsb2Fkc1wvMjAyNVwvMDNcL0lNRy0yMDI0MTAyNi1XQTAxMDEtc2NhbGVkLmpwZyJ9\">\n\t\t\t\t\t\t\t<img decoding=\"async\" width=\"768\" height=\"1024\" src=\"https:\/\/www.euroactivesrb.org\/wp-content\/uploads\/2025\/03\/IMG-20241026-WA0101-768x1024.jpg\" class=\"attachment-large size-large wp-image-4410\" alt=\"\" srcset=\"https:\/\/www.euroactivesrb.org\/wp-content\/uploads\/2025\/03\/IMG-20241026-WA0101-768x1024.jpg 768w, https:\/\/www.euroactivesrb.org\/wp-content\/uploads\/2025\/03\/IMG-20241026-WA0101-225x300.jpg 225w, https:\/\/www.euroactivesrb.org\/wp-content\/uploads\/2025\/03\/IMG-20241026-WA0101-1152x1536.jpg 1152w, https:\/\/www.euroactivesrb.org\/wp-content\/uploads\/2025\/03\/IMG-20241026-WA0101-1536x2048.jpg 1536w, https:\/\/www.euroactivesrb.org\/wp-content\/uploads\/2025\/03\/IMG-20241026-WA0101-9x12.jpg 9w, https:\/\/www.euroactivesrb.org\/wp-content\/uploads\/2025\/03\/IMG-20241026-WA0101-scaled.jpg 1920w\" sizes=\"(max-width: 768px) 100vw, 768px\" \/>\t\t\t\t\t\t\t\t<\/a>\n\t\t\t\t\t\t\t\t\t\t\t\t\t<\/div>\n\t\t\t\t<\/div>\n\t\t\t\t\t<\/div>\n\t\t<\/div>\n\t\t\t\t<div class=\"elementor-column elementor-col-33 elementor-top-column elementor-element elementor-element-7910e05\" data-id=\"7910e05\" data-element_type=\"column\">\n\t\t\t<div class=\"elementor-widget-wrap elementor-element-populated\">\n\t\t\t\t\t\t<div class=\"elementor-element elementor-element-a3746e7 elementor-widget elementor-widget-image\" data-id=\"a3746e7\" data-element_type=\"widget\" data-widget_type=\"image.default\">\n\t\t\t\t<div class=\"elementor-widget-container\">\n\t\t\t\t\t\t\t\t\t\t\t\t\t\t<a href=\"https:\/\/www.euroactivesrb.org\/wp-content\/uploads\/2025\/03\/IMG-20241026-WA0087-scaled.jpg\" data-elementor-open-lightbox=\"yes\" data-elementor-lightbox-title=\"IMG-20241026-WA0087\" data-e-action-hash=\"#elementor-action%3Aaction%3Dlightbox%26settings%3DeyJpZCI6NDQxMSwidXJsIjoiaHR0cHM6XC9cL3d3dy5ldXJvYWN0aXZlc3JiLm9yZ1wvd3AtY29udGVudFwvdXBsb2Fkc1wvMjAyNVwvMDNcL0lNRy0yMDI0MTAyNi1XQTAwODctc2NhbGVkLmpwZyJ9\">\n\t\t\t\t\t\t\t<img decoding=\"async\" width=\"768\" height=\"1024\" src=\"https:\/\/www.euroactivesrb.org\/wp-content\/uploads\/2025\/03\/IMG-20241026-WA0087-768x1024.jpg\" class=\"attachment-large size-large wp-image-4411\" alt=\"\" srcset=\"https:\/\/www.euroactivesrb.org\/wp-content\/uploads\/2025\/03\/IMG-20241026-WA0087-768x1024.jpg 768w, https:\/\/www.euroactivesrb.org\/wp-content\/uploads\/2025\/03\/IMG-20241026-WA0087-225x300.jpg 225w, https:\/\/www.euroactivesrb.org\/wp-content\/uploads\/2025\/03\/IMG-20241026-WA0087-1152x1536.jpg 1152w, https:\/\/www.euroactivesrb.org\/wp-content\/uploads\/2025\/03\/IMG-20241026-WA0087-1536x2048.jpg 1536w, https:\/\/www.euroactivesrb.org\/wp-content\/uploads\/2025\/03\/IMG-20241026-WA0087-9x12.jpg 9w, https:\/\/www.euroactivesrb.org\/wp-content\/uploads\/2025\/03\/IMG-20241026-WA0087-scaled.jpg 1920w\" sizes=\"(max-width: 768px) 100vw, 768px\" \/>\t\t\t\t\t\t\t\t<\/a>\n\t\t\t\t\t\t\t\t\t\t\t\t\t<\/div>\n\t\t\t\t<\/div>\n\t\t\t\t<div class=\"elementor-element elementor-element-efe4106 elementor-widget elementor-widget-image\" data-id=\"efe4106\" data-element_type=\"widget\" data-widget_type=\"image.default\">\n\t\t\t\t<div class=\"elementor-widget-container\">\n\t\t\t\t\t\t\t\t\t\t\t\t\t\t<a href=\"https:\/\/www.euroactivesrb.org\/wp-content\/uploads\/2025\/03\/IMG-20241026-WA0209-scaled-e1742314884751.jpg\" data-elementor-open-lightbox=\"yes\" data-elementor-lightbox-title=\"IMG-20241026-WA0209\" data-e-action-hash=\"#elementor-action%3Aaction%3Dlightbox%26settings%3DeyJpZCI6NDQwNiwidXJsIjoiaHR0cHM6XC9cL3d3dy5ldXJvYWN0aXZlc3JiLm9yZ1wvd3AtY29udGVudFwvdXBsb2Fkc1wvMjAyNVwvMDNcL0lNRy0yMDI0MTAyNi1XQTAyMDktc2NhbGVkLWUxNzQyMzE0ODg0NzUxLmpwZyJ9\">\n\t\t\t\t\t\t\t<img loading=\"lazy\" decoding=\"async\" width=\"756\" height=\"1024\" src=\"https:\/\/www.euroactivesrb.org\/wp-content\/uploads\/2025\/03\/IMG-20241026-WA0209-scaled-e1742314884751-756x1024.jpg\" class=\"attachment-large size-large wp-image-4406\" alt=\"\" srcset=\"https:\/\/www.euroactivesrb.org\/wp-content\/uploads\/2025\/03\/IMG-20241026-WA0209-scaled-e1742314884751-756x1024.jpg 756w, https:\/\/www.euroactivesrb.org\/wp-content\/uploads\/2025\/03\/IMG-20241026-WA0209-scaled-e1742314884751-222x300.jpg 222w, https:\/\/www.euroactivesrb.org\/wp-content\/uploads\/2025\/03\/IMG-20241026-WA0209-scaled-e1742314884751-768x1040.jpg 768w, https:\/\/www.euroactivesrb.org\/wp-content\/uploads\/2025\/03\/IMG-20241026-WA0209-scaled-e1742314884751-9x12.jpg 9w, https:\/\/www.euroactivesrb.org\/wp-content\/uploads\/2025\/03\/IMG-20241026-WA0209-scaled-e1742314884751.jpg 1134w\" sizes=\"(max-width: 756px) 100vw, 756px\" \/>\t\t\t\t\t\t\t\t<\/a>\n\t\t\t\t\t\t\t\t\t\t\t\t\t<\/div>\n\t\t\t\t<\/div>\n\t\t\t\t\t<\/div>\n\t\t<\/div>\n\t\t\t\t<div class=\"elementor-column elementor-col-33 elementor-top-column elementor-element elementor-element-393626e\" data-id=\"393626e\" data-element_type=\"column\">\n\t\t\t<div class=\"elementor-widget-wrap elementor-element-populated\">\n\t\t\t\t\t\t<div class=\"elementor-element elementor-element-4377ed2 elementor-widget elementor-widget-image\" data-id=\"4377ed2\" data-element_type=\"widget\" data-widget_type=\"image.default\">\n\t\t\t\t<div class=\"elementor-widget-container\">\n\t\t\t\t\t\t\t\t\t\t\t\t\t\t<a href=\"https:\/\/www.euroactivesrb.org\/wp-content\/uploads\/2025\/03\/IMG_20241014_175813-scaled-e1742314805299.jpg\" data-elementor-open-lightbox=\"yes\" data-elementor-lightbox-title=\"IMG_20241014_175813\" data-e-action-hash=\"#elementor-action%3Aaction%3Dlightbox%26settings%3DeyJpZCI6NDQxOCwidXJsIjoiaHR0cHM6XC9cL3d3dy5ldXJvYWN0aXZlc3JiLm9yZ1wvd3AtY29udGVudFwvdXBsb2Fkc1wvMjAyNVwvMDNcL0lNR18yMDI0MTAxNF8xNzU4MTMtc2NhbGVkLWUxNzQyMzE0ODA1Mjk5LmpwZyJ9\">\n\t\t\t\t\t\t\t<img loading=\"lazy\" decoding=\"async\" width=\"538\" height=\"1024\" src=\"https:\/\/www.euroactivesrb.org\/wp-content\/uploads\/2025\/03\/IMG_20241014_175813-scaled-e1742314805299-538x1024.jpg\" class=\"attachment-large size-large wp-image-4418\" alt=\"\" srcset=\"https:\/\/www.euroactivesrb.org\/wp-content\/uploads\/2025\/03\/IMG_20241014_175813-scaled-e1742314805299-538x1024.jpg 538w, https:\/\/www.euroactivesrb.org\/wp-content\/uploads\/2025\/03\/IMG_20241014_175813-scaled-e1742314805299-158x300.jpg 158w, https:\/\/www.euroactivesrb.org\/wp-content\/uploads\/2025\/03\/IMG_20241014_175813-scaled-e1742314805299-768x1462.jpg 768w, https:\/\/www.euroactivesrb.org\/wp-content\/uploads\/2025\/03\/IMG_20241014_175813-scaled-e1742314805299-807x1536.jpg 807w, https:\/\/www.euroactivesrb.org\/wp-content\/uploads\/2025\/03\/IMG_20241014_175813-scaled-e1742314805299-1076x2048.jpg 1076w, https:\/\/www.euroactivesrb.org\/wp-content\/uploads\/2025\/03\/IMG_20241014_175813-scaled-e1742314805299-6x12.jpg 6w, https:\/\/www.euroactivesrb.org\/wp-content\/uploads\/2025\/03\/IMG_20241014_175813-scaled-e1742314805299.jpg 1152w\" sizes=\"(max-width: 538px) 100vw, 538px\" \/>\t\t\t\t\t\t\t\t<\/a>\n\t\t\t\t\t\t\t\t\t\t\t\t\t<\/div>\n\t\t\t\t<\/div>\n\t\t\t\t<div class=\"elementor-element elementor-element-f762f91 elementor-widget elementor-widget-image\" data-id=\"f762f91\" data-element_type=\"widget\" data-widget_type=\"image.default\">\n\t\t\t\t<div class=\"elementor-widget-container\">\n\t\t\t\t\t\t\t\t\t\t\t\t\t\t<a href=\"https:\/\/www.euroactivesrb.org\/wp-content\/uploads\/2025\/03\/IMG-20241026-WA0023-scaled.jpg\" data-elementor-open-lightbox=\"yes\" data-elementor-lightbox-title=\"IMG-20241026-WA0023\" data-e-action-hash=\"#elementor-action%3Aaction%3Dlightbox%26settings%3DeyJpZCI6NDQxNiwidXJsIjoiaHR0cHM6XC9cL3d3dy5ldXJvYWN0aXZlc3JiLm9yZ1wvd3AtY29udGVudFwvdXBsb2Fkc1wvMjAyNVwvMDNcL0lNRy0yMDI0MTAyNi1XQTAwMjMtc2NhbGVkLmpwZyJ9\">\n\t\t\t\t\t\t\t<img loading=\"lazy\" decoding=\"async\" width=\"1024\" height=\"768\" src=\"https:\/\/www.euroactivesrb.org\/wp-content\/uploads\/2025\/03\/IMG-20241026-WA0023-1024x768.jpg\" class=\"attachment-large size-large wp-image-4416\" alt=\"\" srcset=\"https:\/\/www.euroactivesrb.org\/wp-content\/uploads\/2025\/03\/IMG-20241026-WA0023-1024x768.jpg 1024w, https:\/\/www.euroactivesrb.org\/wp-content\/uploads\/2025\/03\/IMG-20241026-WA0023-300x225.jpg 300w, https:\/\/www.euroactivesrb.org\/wp-content\/uploads\/2025\/03\/IMG-20241026-WA0023-768x576.jpg 768w, https:\/\/www.euroactivesrb.org\/wp-content\/uploads\/2025\/03\/IMG-20241026-WA0023-1536x1152.jpg 1536w, https:\/\/www.euroactivesrb.org\/wp-content\/uploads\/2025\/03\/IMG-20241026-WA0023-2048x1536.jpg 2048w, https:\/\/www.euroactivesrb.org\/wp-content\/uploads\/2025\/03\/IMG-20241026-WA0023-16x12.jpg 16w\" sizes=\"(max-width: 1024px) 100vw, 1024px\" \/>\t\t\t\t\t\t\t\t<\/a>\n\t\t\t\t\t\t\t\t\t\t\t\t\t<\/div>\n\t\t\t\t<\/div>\n\t\t\t\t\t<\/div>\n\t\t<\/div>\n\t\t\t\t\t<\/div>\n\t\t<\/section>\n\t\t\t\t<\/div>","protected":false},"excerpt":{"rendered":"<p>GREENPRENEURSHIP Training Course 07.10-15.10.2024. Orebi\u0107, Croatia We\u2019re excited to announce the successful completion of the Erasmus+ training course \u201cGreenpreneurship for Sustainable Futures\u201d, held in Borje, Orebi\u0107, Croatia, from October 7th to 15th, 2024. This Mobility of Youth Workers project provided an opportunity for Euroactive Serbia to collaborate with youth workers and educators from across Europe, &hellip;<\/p>\n<p class=\"read-more\"> <a class=\"\" href=\"https:\/\/www.euroactivesrb.org\/sr\/greenpreneurship\/\"> <span class=\"screen-reader-text\">Greenpreneurship<\/span> \u041f\u0440\u043e\u0447\u0438\u0442\u0430\u0458 \u0432\u0438\u0448\u0435 &raquo;<\/a><\/p>","protected":false},"author":1,"featured_media":0,"parent":0,"menu_order":0,"comment_status":"closed","ping_status":"closed","template":"","meta":{"bgseo_title":"Greenpreneurship (07.10-15.10.2024) - Euroactive Serbia","bgseo_description":"Supported by the Erasmus+ program, this project showcased the incredible impact of collective efforts in advancing youth education. Organized by the Pozitiva Samobor from Croatia, our team at Euroactive Serbia is immensely proud to have played a role in this impactful project and to have contributed to its notable success.","bgseo_robots_index":"index","bgseo_robots_follow":"follow","_monsterinsights_skip_tracking":false,"_monsterinsights_sitenote_active":false,"_monsterinsights_sitenote_note":"","_monsterinsights_sitenote_category":0,"site-sidebar-layout":"no-sidebar","site-content-layout":"page-builder","ast-site-content-layout":"full-width-container","site-content-style":"default","site-sidebar-style":"default","ast-global-header-display":"","ast-banner-title-visibility":"","ast-main-header-display":"","ast-hfb-above-header-display":"","ast-hfb-below-header-display":"","ast-hfb-mobile-header-display":"","site-post-title":"disabled","ast-breadcrumbs-content":"","ast-featured-img":"disabled","footer-sml-layout":"","theme-transparent-header-meta":"","adv-header-id-meta":"","stick-header-meta":"","header-above-stick-meta":"","header-main-stick-meta":"","header-below-stick-meta":"","astra-migrate-meta-layouts":"set","ast-page-background-enabled":"default","ast-page-background-meta":{"desktop":{"background-color":"var(--ast-global-color-4)","background-image":"","background-repeat":"repeat","background-position":"center center","background-size":"auto","background-attachment":"scroll","background-type":"","background-media":"","overlay-type":"","overlay-color":"","overlay-gradient":""},"tablet":{"background-color":"","background-image":"","background-repeat":"repeat","background-position":"center center","background-size":"auto","background-attachment":"scroll","background-type":"","background-media":"","overlay-type":"","overlay-color":"","overlay-gradient":""},"mobile":{"background-color":"","background-image":"","background-repeat":"repeat","background-position":"center center","background-size":"auto","background-attachment":"scroll","background-type":"","background-media":"","overlay-type":"","overlay-color":"","overlay-gradient":""}},"ast-content-background-meta":{"desktop":{"background-color":"var(--ast-global-color-5)","background-image":"","background-repeat":"repeat","background-position":"center center","background-size":"auto","background-attachment":"scroll","background-type":"","background-media":"","overlay-type":"","overlay-color":"","overlay-gradient":""},"tablet":{"background-color":"var(--ast-global-color-5)","background-image":"","background-repeat":"repeat","background-position":"center center","background-size":"auto","background-attachment":"scroll","background-type":"","background-media":"","overlay-type":"","overlay-color":"","overlay-gradient":""},"mobile":{"background-color":"var(--ast-global-color-5)","background-image":"","background-repeat":"repeat","background-position":"center center","background-size":"auto","background-attachment":"scroll","background-type":"","background-media":"","overlay-type":"","overlay-color":"","overlay-gradient":""}},"footnotes":""},"class_list":["post-4398","page","type-page","status-publish","hentry"],"aioseo_notices":[],"_links":{"self":[{"href":"https:\/\/www.euroactivesrb.org\/sr\/wp-json\/wp\/v2\/pages\/4398","targetHints":{"allow":["GET"]}}],"collection":[{"href":"https:\/\/www.euroactivesrb.org\/sr\/wp-json\/wp\/v2\/pages"}],"about":[{"href":"https:\/\/www.euroactivesrb.org\/sr\/wp-json\/wp\/v2\/types\/page"}],"author":[{"embeddable":true,"href":"https:\/\/www.euroactivesrb.org\/sr\/wp-json\/wp\/v2\/users\/1"}],"replies":[{"embeddable":true,"href":"https:\/\/www.euroactivesrb.org\/sr\/wp-json\/wp\/v2\/comments?post=4398"}],"version-history":[{"count":8,"href":"https:\/\/www.euroactivesrb.org\/sr\/wp-json\/wp\/v2\/pages\/4398\/revisions"}],"predecessor-version":[{"id":4564,"href":"https:\/\/www.euroactivesrb.org\/sr\/wp-json\/wp\/v2\/pages\/4398\/revisions\/4564"}],"wp:attachment":[{"href":"https:\/\/www.euroactivesrb.org\/sr\/wp-json\/wp\/v2\/media?parent=4398"}],"curies":[{"name":"wp","href":"https:\/\/api.w.org\/{rel}","templated":true}]}}