{"id":4885,"date":"2025-10-05T13:21:31","date_gmt":"2025-10-05T13:21:31","guid":{"rendered":"https:\/\/www.euroactivesrb.org\/?page_id=4885"},"modified":"2025-10-05T14:58:17","modified_gmt":"2025-10-05T14:58:17","slug":"empires","status":"publish","type":"page","link":"https:\/\/www.euroactivesrb.org\/sr\/empires\/","title":{"rendered":"Empires"},"content":{"rendered":"<div data-elementor-type=\"wp-page\" data-elementor-id=\"4885\" class=\"elementor elementor-4885\">\n\t\t\t\t<div class=\"elementor-element elementor-element-7481250 e-flex e-con-boxed e-con e-parent\" data-id=\"7481250\" data-element_type=\"container\" data-settings=\"{&quot;background_background&quot;:&quot;classic&quot;}\" data-core-v316-plus=\"true\">\n\t\t\t\t\t<div class=\"e-con-inner\">\n\t\t\t\t<div class=\"elementor-element elementor-element-c7b93c4 elementor-widget elementor-widget-heading\" data-id=\"c7b93c4\" data-element_type=\"widget\" data-widget_type=\"heading.default\">\n\t\t\t\t<div class=\"elementor-widget-container\">\n\t\t\t<style>\/*! elementor - v3.20.0 - 26-03-2024 *\/\n.elementor-heading-title{padding:0;margin:0;line-height:1}.elementor-widget-heading .elementor-heading-title[class*=elementor-size-]>a{color:inherit;font-size:inherit;line-height:inherit}.elementor-widget-heading .elementor-heading-title.elementor-size-small{font-size:15px}.elementor-widget-heading .elementor-heading-title.elementor-size-medium{font-size:19px}.elementor-widget-heading .elementor-heading-title.elementor-size-large{font-size:29px}.elementor-widget-heading .elementor-heading-title.elementor-size-xl{font-size:39px}.elementor-widget-heading .elementor-heading-title.elementor-size-xxl{font-size:59px}<\/style><h1 class=\"elementor-heading-title elementor-size-default\">EMPIRES <\/h1>\t\t<\/div>\n\t\t\t\t<\/div>\n\t\t\t\t\t<\/div>\n\t\t\t\t<\/div>\n\t\t<div class=\"elementor-element elementor-element-8da9c1b e-flex e-con-boxed e-con e-parent\" data-id=\"8da9c1b\" data-element_type=\"container\" data-core-v316-plus=\"true\">\n\t\t\t\t\t<div class=\"e-con-inner\">\n\t\t<div class=\"elementor-element elementor-element-0e64562 e-con-full e-flex e-con e-child\" data-id=\"0e64562\" data-element_type=\"container\">\n\t\t\t\t<\/div>\n\t\t<div class=\"elementor-element elementor-element-b1bace6 e-con-full e-flex e-con e-child\" data-id=\"b1bace6\" data-element_type=\"container\">\n\t\t\t\t<div class=\"elementor-element elementor-element-0e92316 elementor-widget elementor-widget-heading\" data-id=\"0e92316\" data-element_type=\"widget\" data-widget_type=\"heading.default\">\n\t\t\t\t<div class=\"elementor-widget-container\">\n\t\t\t<h2 class=\"elementor-heading-title elementor-size-default\">Razmena mladih <\/h2>\t\t<\/div>\n\t\t\t\t<\/div>\n\t\t\t\t<div class=\"elementor-element elementor-element-ac046c2 elementor-widget elementor-widget-heading\" data-id=\"ac046c2\" data-element_type=\"widget\" data-widget_type=\"heading.default\">\n\t\t\t\t<div class=\"elementor-widget-container\">\n\t\t\t<h2 class=\"elementor-heading-title elementor-size-default\">15.09-25.09.2025.<\/h2>\t\t<\/div>\n\t\t\t\t<\/div>\n\t\t\t\t<div class=\"elementor-element elementor-element-c52672c elementor-widget elementor-widget-heading\" data-id=\"c52672c\" data-element_type=\"widget\" data-widget_type=\"heading.default\">\n\t\t\t\t<div class=\"elementor-widget-container\">\n\t\t\t<h2 class=\"elementor-heading-title elementor-size-default\">Veli Lo\u0161inj, Hrvatska<\/h2>\t\t<\/div>\n\t\t\t\t<\/div>\n\t\t\t\t<\/div>\n\t\t<div class=\"elementor-element elementor-element-63e3c41 e-con-full e-flex e-con e-child\" data-id=\"63e3c41\" data-element_type=\"container\">\n\t\t\t\t<\/div>\n\t\t\t\t\t<\/div>\n\t\t\t\t<\/div>\n\t\t\t\t<section class=\"elementor-section elementor-top-section elementor-element elementor-element-66a60ae elementor-section-content-top elementor-section-boxed elementor-section-height-default elementor-section-height-default\" data-id=\"66a60ae\" data-element_type=\"section\" data-settings=\"{&quot;background_background&quot;:&quot;classic&quot;}\">\n\t\t\t\t\t\t\t<div class=\"elementor-background-overlay\"><\/div>\n\t\t\t\t\t\t\t<div class=\"elementor-container elementor-column-gap-no\">\n\t\t\t\t\t<div class=\"elementor-column elementor-col-100 elementor-top-column elementor-element elementor-element-c8aaa9b\" data-id=\"c8aaa9b\" data-element_type=\"column\" data-settings=\"{&quot;background_background&quot;:&quot;classic&quot;}\">\n\t\t\t<div class=\"elementor-widget-wrap elementor-element-populated\">\n\t\t\t\t\t<div class=\"elementor-background-overlay\"><\/div>\n\t\t\t\t\t\t<div class=\"elementor-element elementor-element-dae7d6e elementor-widget__width-initial elementor-widget elementor-widget-text-editor\" data-id=\"dae7d6e\" data-element_type=\"widget\" data-widget_type=\"text-editor.default\">\n\t\t\t\t<div class=\"elementor-widget-container\">\n\t\t\t<style>\/*! elementor - v3.20.0 - 26-03-2024 *\/\n.elementor-widget-text-editor.elementor-drop-cap-view-stacked .elementor-drop-cap{background-color:#69727d;color:#fff}.elementor-widget-text-editor.elementor-drop-cap-view-framed .elementor-drop-cap{color:#69727d;border:3px solid;background-color:transparent}.elementor-widget-text-editor:not(.elementor-drop-cap-view-default) .elementor-drop-cap{margin-top:8px}.elementor-widget-text-editor:not(.elementor-drop-cap-view-default) .elementor-drop-cap-letter{width:1em;height:1em}.elementor-widget-text-editor .elementor-drop-cap{float:left;text-align:center;line-height:1;font-size:50px}.elementor-widget-text-editor .elementor-drop-cap-letter{display:inline-block}<\/style>\t\t\t\t<p>Sa zadovoljstvom delimo iskustvo sa Erasmus+ omladinske razmene \u201eEmpires\u201c, koja je odr\u017eana od 15. do 25. septembra 2025. godine u primorskom mestu Veli Losinj, Hrvatska. Projekat je organizovala organizacija Platypus uz podr\u0161ku Erasmus+ programa i okupio je 33 mladih iz Hrvatske, Srbije, Estonije, \u0160panije i Bugarske, kako bi zajedno istra\u017eivali kako su imperije kroz istoriju uticale na mir, rat, demokratiju i ljudska prava.<\/p><p><br><\/p>\n<p>Razmena je podstakla u\u010desnike da razmi\u0161ljaju o nasle\u0111u imperija kroz razli\u010dite teme, kao \u0161to su poreklo imperijalne mo\u0107i, razlike izme\u0111u anti\u010dkih i kolonijalnih imperija i trajni uticaj imperijalnih struktura na savremeni svet. Svaka nacionalna grupa pripremila je i vodila po jednu radionicu, \u010dime je stvoren raznovrstan i podsticajan program koji je spajao istorijsku perspektivu i otvorenu diskusiju.<\/p><p><br><\/p>\n<p>Srpski tim je realizovao radionicu pod nazivom \u201eGreek and Judeo-Christian Anti-Imperialism\u201c, posve\u0107enu jednoj od centralnih tema projekta \u2013 otporu imperijalnoj vlasti u ranim zapadnim tradicijama. U\u010desnici su analizirali i razgovarali o istorijskim primerima povezanim sa filozofijom, religijom i idejom moralnog otpora dominaciji.<\/p><p><br><\/p>\n<p>Mirno okru\u017eenje Velog Lo\u0161inja, blizina mora i opu\u0161tena atmosfera stvorili su idealne uslove za razmenu mi\u0161ljenja i dublje promi\u0161ljanje tema. U\u010desnici su imali priliku da se u potpunosti posvete u\u010denju, diskusijama i povezivanju istorijskih lekcija sa savremenim dru\u0161tvenim pitanjima.<\/p><p><br><\/p>\n<p>Pored pro\u0161irivanja znanja o istorijskom i politi\u010dkom kontekstu, u\u010desnici su razvili va\u017ene ve\u0161tine kao \u0161to su kriti\u010dko mi\u0161ljenje, timski rad i komunikacija. Kroz proces Youthpass-a, osvrnuli su se na svoj napredak i zna\u010daj aktivnog i informisanog gra\u0111anstva.<\/p><p><br><\/p>\n<p>Projekat \u201eEmpires\u201c, koji je organizovala organizacija Platypus uz podr\u0161ku Erasmus+ programa, pokazao je kako neformalno u\u010denje mo\u017ee pribli\u017eiti slo\u017eene istorijske teme mladima i podsta\u0107i ih da dublje razumeju sile koje oblikuju savremeni svet.<\/p>\t\t\t\t\t\t<\/div>\n\t\t\t\t<\/div>\n\t\t\t\t\t<\/div>\n\t\t<\/div>\n\t\t\t\t\t<\/div>\n\t\t<\/section>\n\t\t\t\t<section class=\"elementor-section elementor-top-section elementor-element elementor-element-a8b80c2 elementor-section-content-middle elementor-section-boxed elementor-section-height-default elementor-section-height-default\" data-id=\"a8b80c2\" data-element_type=\"section\" data-settings=\"{&quot;background_background&quot;:&quot;classic&quot;,&quot;shape_divider_top&quot;:&quot;opacity-fan&quot;,&quot;shape_divider_bottom&quot;:&quot;opacity-fan&quot;}\">\n\t\t\t\t\t\t\t<div class=\"elementor-background-overlay\"><\/div>\n\t\t\t\t\t\t<div class=\"elementor-shape elementor-shape-top\" data-negative=\"false\">\n\t\t\t<svg xmlns=\"http:\/\/www.w3.org\/2000\/svg\" viewbox=\"0 0 283.5 19.6\" preserveaspectratio=\"none\">\n\t<path class=\"elementor-shape-fill\" style=\"opacity:0.33\" d=\"M0 0L0 18.8 141.8 4.1 283.5 18.8 283.5 0z\"\/>\n\t<path class=\"elementor-shape-fill\" style=\"opacity:0.33\" d=\"M0 0L0 12.6 141.8 4 283.5 12.6 283.5 0z\"\/>\n\t<path class=\"elementor-shape-fill\" style=\"opacity:0.33\" d=\"M0 0L0 6.4 141.8 4 283.5 6.4 283.5 0z\"\/>\n\t<path class=\"elementor-shape-fill\" d=\"M0 0L0 1.2 141.8 4 283.5 1.2 283.5 0z\"\/>\n<\/svg>\t\t<\/div>\n\t\t\t\t<div class=\"elementor-shape elementor-shape-bottom\" data-negative=\"false\">\n\t\t\t<svg xmlns=\"http:\/\/www.w3.org\/2000\/svg\" viewbox=\"0 0 283.5 19.6\" preserveaspectratio=\"none\">\n\t<path class=\"elementor-shape-fill\" style=\"opacity:0.33\" d=\"M0 0L0 18.8 141.8 4.1 283.5 18.8 283.5 0z\"\/>\n\t<path class=\"elementor-shape-fill\" style=\"opacity:0.33\" d=\"M0 0L0 12.6 141.8 4 283.5 12.6 283.5 0z\"\/>\n\t<path class=\"elementor-shape-fill\" style=\"opacity:0.33\" d=\"M0 0L0 6.4 141.8 4 283.5 6.4 283.5 0z\"\/>\n\t<path class=\"elementor-shape-fill\" d=\"M0 0L0 1.2 141.8 4 283.5 1.2 283.5 0z\"\/>\n<\/svg>\t\t<\/div>\n\t\t\t\t\t<div class=\"elementor-container elementor-column-gap-wide\">\n\t\t\t\t\t<div class=\"elementor-column elementor-col-33 elementor-top-column elementor-element elementor-element-b134229\" data-id=\"b134229\" data-element_type=\"column\">\n\t\t\t<div class=\"elementor-widget-wrap elementor-element-populated\">\n\t\t\t\t\t\t<div class=\"elementor-element elementor-element-8e2b312 elementor-widget elementor-widget-image\" data-id=\"8e2b312\" data-element_type=\"widget\" data-widget_type=\"image.default\">\n\t\t\t\t<div class=\"elementor-widget-container\">\n\t\t\t<style>\/*! elementor - v3.20.0 - 26-03-2024 *\/\n.elementor-widget-image{text-align:center}.elementor-widget-image a{display:inline-block}.elementor-widget-image a img[src$=\".svg\"]{width:48px}.elementor-widget-image img{vertical-align:middle;display:inline-block}<\/style>\t\t\t\t\t\t\t\t\t\t\t<a href=\"https:\/\/www.euroactivesrb.org\/wp-content\/uploads\/2025\/10\/20250917_112145-scaled.jpg\" data-elementor-open-lightbox=\"yes\" data-elementor-lightbox-title=\"20250917_112145\" data-e-action-hash=\"#elementor-action%3Aaction%3Dlightbox%26settings%3DeyJpZCI6NDg4OSwidXJsIjoiaHR0cHM6XC9cL3d3dy5ldXJvYWN0aXZlc3JiLm9yZ1wvd3AtY29udGVudFwvdXBsb2Fkc1wvMjAyNVwvMTBcLzIwMjUwOTE3XzExMjE0NS1zY2FsZWQuanBnIn0%3D\">\n\t\t\t\t\t\t\t<img fetchpriority=\"high\" decoding=\"async\" width=\"768\" height=\"1024\" src=\"https:\/\/www.euroactivesrb.org\/wp-content\/uploads\/2025\/10\/20250917_112145-768x1024.jpg\" class=\"attachment-large size-large wp-image-4889\" alt=\"\" srcset=\"https:\/\/www.euroactivesrb.org\/wp-content\/uploads\/2025\/10\/20250917_112145-768x1024.jpg 768w, https:\/\/www.euroactivesrb.org\/wp-content\/uploads\/2025\/10\/20250917_112145-225x300.jpg 225w, https:\/\/www.euroactivesrb.org\/wp-content\/uploads\/2025\/10\/20250917_112145-1152x1536.jpg 1152w, https:\/\/www.euroactivesrb.org\/wp-content\/uploads\/2025\/10\/20250917_112145-1536x2048.jpg 1536w, https:\/\/www.euroactivesrb.org\/wp-content\/uploads\/2025\/10\/20250917_112145-9x12.jpg 9w, https:\/\/www.euroactivesrb.org\/wp-content\/uploads\/2025\/10\/20250917_112145-scaled.jpg 1920w\" sizes=\"(max-width: 768px) 100vw, 768px\" \/>\t\t\t\t\t\t\t\t<\/a>\n\t\t\t\t\t\t\t\t\t\t\t\t\t<\/div>\n\t\t\t\t<\/div>\n\t\t\t\t<div class=\"elementor-element elementor-element-67dff8b elementor-widget elementor-widget-image\" data-id=\"67dff8b\" data-element_type=\"widget\" data-widget_type=\"image.default\">\n\t\t\t\t<div class=\"elementor-widget-container\">\n\t\t\t\t\t\t\t\t\t\t\t\t\t\t<a href=\"https:\/\/www.euroactivesrb.org\/wp-content\/uploads\/2025\/10\/20250918_130715-scaled.jpg\" data-elementor-open-lightbox=\"yes\" data-elementor-lightbox-title=\"20250918_130715\" data-e-action-hash=\"#elementor-action%3Aaction%3Dlightbox%26settings%3DeyJpZCI6NDg5MywidXJsIjoiaHR0cHM6XC9cL3d3dy5ldXJvYWN0aXZlc3JiLm9yZ1wvd3AtY29udGVudFwvdXBsb2Fkc1wvMjAyNVwvMTBcLzIwMjUwOTE4XzEzMDcxNS1zY2FsZWQuanBnIn0%3D\">\n\t\t\t\t\t\t\t<img decoding=\"async\" width=\"1024\" height=\"768\" src=\"https:\/\/www.euroactivesrb.org\/wp-content\/uploads\/2025\/10\/20250918_130715-1024x768.jpg\" class=\"attachment-large size-large wp-image-4893\" alt=\"\" srcset=\"https:\/\/www.euroactivesrb.org\/wp-content\/uploads\/2025\/10\/20250918_130715-1024x768.jpg 1024w, https:\/\/www.euroactivesrb.org\/wp-content\/uploads\/2025\/10\/20250918_130715-300x225.jpg 300w, https:\/\/www.euroactivesrb.org\/wp-content\/uploads\/2025\/10\/20250918_130715-768x576.jpg 768w, https:\/\/www.euroactivesrb.org\/wp-content\/uploads\/2025\/10\/20250918_130715-1536x1152.jpg 1536w, https:\/\/www.euroactivesrb.org\/wp-content\/uploads\/2025\/10\/20250918_130715-2048x1536.jpg 2048w, https:\/\/www.euroactivesrb.org\/wp-content\/uploads\/2025\/10\/20250918_130715-16x12.jpg 16w\" sizes=\"(max-width: 1024px) 100vw, 1024px\" \/>\t\t\t\t\t\t\t\t<\/a>\n\t\t\t\t\t\t\t\t\t\t\t\t\t<\/div>\n\t\t\t\t<\/div>\n\t\t\t\t\t<\/div>\n\t\t<\/div>\n\t\t\t\t<div class=\"elementor-column elementor-col-33 elementor-top-column elementor-element elementor-element-32cbab9\" data-id=\"32cbab9\" data-element_type=\"column\">\n\t\t\t<div class=\"elementor-widget-wrap elementor-element-populated\">\n\t\t\t\t\t\t<div class=\"elementor-element elementor-element-9e8c106 elementor-widget elementor-widget-image\" data-id=\"9e8c106\" data-element_type=\"widget\" data-widget_type=\"image.default\">\n\t\t\t\t<div class=\"elementor-widget-container\">\n\t\t\t\t\t\t\t\t\t\t\t\t\t\t<a href=\"https:\/\/www.euroactivesrb.org\/wp-content\/uploads\/2025\/10\/8f991650-e658-48ad-8404-95558961639e.jpg\" data-elementor-open-lightbox=\"yes\" data-elementor-lightbox-title=\"8f991650-e658-48ad-8404-95558961639e\" data-e-action-hash=\"#elementor-action%3Aaction%3Dlightbox%26settings%3DeyJpZCI6NDg5MSwidXJsIjoiaHR0cHM6XC9cL3d3dy5ldXJvYWN0aXZlc3JiLm9yZ1wvd3AtY29udGVudFwvdXBsb2Fkc1wvMjAyNVwvMTBcLzhmOTkxNjUwLWU2NTgtNDhhZC04NDA0LTk1NTU4OTYxNjM5ZS5qcGcifQ%3D%3D\">\n\t\t\t\t\t\t\t<img decoding=\"async\" width=\"1024\" height=\"768\" src=\"https:\/\/www.euroactivesrb.org\/wp-content\/uploads\/2025\/10\/8f991650-e658-48ad-8404-95558961639e-1024x768.jpg\" class=\"attachment-large size-large wp-image-4891\" alt=\"\" srcset=\"https:\/\/www.euroactivesrb.org\/wp-content\/uploads\/2025\/10\/8f991650-e658-48ad-8404-95558961639e-1024x768.jpg 1024w, https:\/\/www.euroactivesrb.org\/wp-content\/uploads\/2025\/10\/8f991650-e658-48ad-8404-95558961639e-300x225.jpg 300w, https:\/\/www.euroactivesrb.org\/wp-content\/uploads\/2025\/10\/8f991650-e658-48ad-8404-95558961639e-768x576.jpg 768w, https:\/\/www.euroactivesrb.org\/wp-content\/uploads\/2025\/10\/8f991650-e658-48ad-8404-95558961639e-1536x1152.jpg 1536w, https:\/\/www.euroactivesrb.org\/wp-content\/uploads\/2025\/10\/8f991650-e658-48ad-8404-95558961639e-16x12.jpg 16w, https:\/\/www.euroactivesrb.org\/wp-content\/uploads\/2025\/10\/8f991650-e658-48ad-8404-95558961639e.jpg 1600w\" sizes=\"(max-width: 1024px) 100vw, 1024px\" \/>\t\t\t\t\t\t\t\t<\/a>\n\t\t\t\t\t\t\t\t\t\t\t\t\t<\/div>\n\t\t\t\t<\/div>\n\t\t\t\t<div class=\"elementor-element elementor-element-b09cd03 elementor-widget elementor-widget-image\" data-id=\"b09cd03\" data-element_type=\"widget\" data-widget_type=\"image.default\">\n\t\t\t\t<div class=\"elementor-widget-container\">\n\t\t\t\t\t\t\t\t\t\t\t\t\t\t<a href=\"https:\/\/www.euroactivesrb.org\/wp-content\/uploads\/2025\/10\/20250917_085625-scaled.jpg\" data-elementor-open-lightbox=\"yes\" data-elementor-lightbox-title=\"20250917_085625\" data-e-action-hash=\"#elementor-action%3Aaction%3Dlightbox%26settings%3DeyJpZCI6NDg5MCwidXJsIjoiaHR0cHM6XC9cL3d3dy5ldXJvYWN0aXZlc3JiLm9yZ1wvd3AtY29udGVudFwvdXBsb2Fkc1wvMjAyNVwvMTBcLzIwMjUwOTE3XzA4NTYyNS1zY2FsZWQuanBnIn0%3D\">\n\t\t\t\t\t\t\t<img loading=\"lazy\" decoding=\"async\" width=\"768\" height=\"1024\" src=\"https:\/\/www.euroactivesrb.org\/wp-content\/uploads\/2025\/10\/20250917_085625-768x1024.jpg\" class=\"attachment-large size-large wp-image-4890\" alt=\"\" srcset=\"https:\/\/www.euroactivesrb.org\/wp-content\/uploads\/2025\/10\/20250917_085625-768x1024.jpg 768w, https:\/\/www.euroactivesrb.org\/wp-content\/uploads\/2025\/10\/20250917_085625-225x300.jpg 225w, https:\/\/www.euroactivesrb.org\/wp-content\/uploads\/2025\/10\/20250917_085625-1152x1536.jpg 1152w, https:\/\/www.euroactivesrb.org\/wp-content\/uploads\/2025\/10\/20250917_085625-1536x2048.jpg 1536w, https:\/\/www.euroactivesrb.org\/wp-content\/uploads\/2025\/10\/20250917_085625-9x12.jpg 9w, https:\/\/www.euroactivesrb.org\/wp-content\/uploads\/2025\/10\/20250917_085625-scaled.jpg 1920w\" sizes=\"(max-width: 768px) 100vw, 768px\" \/>\t\t\t\t\t\t\t\t<\/a>\n\t\t\t\t\t\t\t\t\t\t\t\t\t<\/div>\n\t\t\t\t<\/div>\n\t\t\t\t\t<\/div>\n\t\t<\/div>\n\t\t\t\t<div class=\"elementor-column elementor-col-33 elementor-top-column elementor-element elementor-element-a178dfe\" data-id=\"a178dfe\" data-element_type=\"column\">\n\t\t\t<div class=\"elementor-widget-wrap elementor-element-populated\">\n\t\t\t\t\t\t<div class=\"elementor-element elementor-element-a33bd1c elementor-widget elementor-widget-image\" data-id=\"a33bd1c\" data-element_type=\"widget\" data-widget_type=\"image.default\">\n\t\t\t\t<div class=\"elementor-widget-container\">\n\t\t\t\t\t\t\t\t\t\t\t\t\t\t<a href=\"https:\/\/www.euroactivesrb.org\/wp-content\/uploads\/2025\/10\/IMG-20251005-WA0018.jpg\" data-elementor-open-lightbox=\"yes\" data-elementor-lightbox-title=\"IMG-20251005-WA0018\" data-e-action-hash=\"#elementor-action%3Aaction%3Dlightbox%26settings%3DeyJpZCI6NDg5NiwidXJsIjoiaHR0cHM6XC9cL3d3dy5ldXJvYWN0aXZlc3JiLm9yZ1wvd3AtY29udGVudFwvdXBsb2Fkc1wvMjAyNVwvMTBcL0lNRy0yMDI1MTAwNS1XQTAwMTguanBnIn0%3D\">\n\t\t\t\t\t\t\t<img loading=\"lazy\" decoding=\"async\" width=\"768\" height=\"1024\" src=\"https:\/\/www.euroactivesrb.org\/wp-content\/uploads\/2025\/10\/IMG-20251005-WA0018-768x1024.jpg\" class=\"attachment-large size-large wp-image-4896\" alt=\"\" srcset=\"https:\/\/www.euroactivesrb.org\/wp-content\/uploads\/2025\/10\/IMG-20251005-WA0018-768x1024.jpg 768w, https:\/\/www.euroactivesrb.org\/wp-content\/uploads\/2025\/10\/IMG-20251005-WA0018-225x300.jpg 225w, https:\/\/www.euroactivesrb.org\/wp-content\/uploads\/2025\/10\/IMG-20251005-WA0018-1152x1536.jpg 1152w, https:\/\/www.euroactivesrb.org\/wp-content\/uploads\/2025\/10\/IMG-20251005-WA0018-9x12.jpg 9w, https:\/\/www.euroactivesrb.org\/wp-content\/uploads\/2025\/10\/IMG-20251005-WA0018.jpg 1200w\" sizes=\"(max-width: 768px) 100vw, 768px\" \/>\t\t\t\t\t\t\t\t<\/a>\n\t\t\t\t\t\t\t\t\t\t\t\t\t<\/div>\n\t\t\t\t<\/div>\n\t\t\t\t<div class=\"elementor-element elementor-element-c467f78 elementor-widget elementor-widget-image\" data-id=\"c467f78\" data-element_type=\"widget\" data-widget_type=\"image.default\">\n\t\t\t\t<div class=\"elementor-widget-container\">\n\t\t\t\t\t\t\t\t\t\t\t\t\t\t<a href=\"https:\/\/www.euroactivesrb.org\/wp-content\/uploads\/2025\/10\/20250918_131239-scaled.jpg\" data-elementor-open-lightbox=\"yes\" data-elementor-lightbox-title=\"20250918_131239\" data-e-action-hash=\"#elementor-action%3Aaction%3Dlightbox%26settings%3DeyJpZCI6NDg5MiwidXJsIjoiaHR0cHM6XC9cL3d3dy5ldXJvYWN0aXZlc3JiLm9yZ1wvd3AtY29udGVudFwvdXBsb2Fkc1wvMjAyNVwvMTBcLzIwMjUwOTE4XzEzMTIzOS1zY2FsZWQuanBnIn0%3D\">\n\t\t\t\t\t\t\t<img loading=\"lazy\" decoding=\"async\" width=\"1024\" height=\"768\" src=\"https:\/\/www.euroactivesrb.org\/wp-content\/uploads\/2025\/10\/20250918_131239-1024x768.jpg\" class=\"attachment-large size-large wp-image-4892\" alt=\"\" srcset=\"https:\/\/www.euroactivesrb.org\/wp-content\/uploads\/2025\/10\/20250918_131239-1024x768.jpg 1024w, https:\/\/www.euroactivesrb.org\/wp-content\/uploads\/2025\/10\/20250918_131239-300x225.jpg 300w, https:\/\/www.euroactivesrb.org\/wp-content\/uploads\/2025\/10\/20250918_131239-768x576.jpg 768w, https:\/\/www.euroactivesrb.org\/wp-content\/uploads\/2025\/10\/20250918_131239-1536x1152.jpg 1536w, https:\/\/www.euroactivesrb.org\/wp-content\/uploads\/2025\/10\/20250918_131239-2048x1536.jpg 2048w, https:\/\/www.euroactivesrb.org\/wp-content\/uploads\/2025\/10\/20250918_131239-16x12.jpg 16w\" sizes=\"(max-width: 1024px) 100vw, 1024px\" \/>\t\t\t\t\t\t\t\t<\/a>\n\t\t\t\t\t\t\t\t\t\t\t\t\t<\/div>\n\t\t\t\t<\/div>\n\t\t\t\t\t<\/div>\n\t\t<\/div>\n\t\t\t\t\t<\/div>\n\t\t<\/section>\n\t\t\t\t<\/div>","protected":false},"excerpt":{"rendered":"<p>EMPIRES Youth Exchange 15.09-25.09.2025. Veli Lo\u0161inj, Croatia We\u2019re happy to share the experience from the Erasmus+ youth exchange \u201cEmpires\u201d, which took place from September 15th to 25th, 2025, in the coastal town of Veli Lo\u0161inj, Croatia. The project was organized by Platypus with the support of the Erasmus+ programme, gathering 33 young people from Croatia, &hellip;<\/p>\n<p class=\"read-more\"> <a class=\"\" href=\"https:\/\/www.euroactivesrb.org\/sr\/empires\/\"> <span class=\"screen-reader-text\">Empires<\/span> \u041f\u0440\u043e\u0447\u0438\u0442\u0430\u0458 \u0432\u0438\u0448\u0435 &raquo;<\/a><\/p>","protected":false},"author":1,"featured_media":0,"parent":0,"menu_order":0,"comment_status":"closed","ping_status":"closed","template":"","meta":{"bgseo_title":"Empires (15.09-25.09.2025) - Euroactive Serbia","bgseo_description":"Supported by the Erasmus+ program, this project showcased the incredible impact of collective efforts in advancing youth education. Organized by Platypus from Croatia, our team at Euroactive Serbia is immensely proud to have partnered in this impactful project and to have contributed to its notable success.","bgseo_robots_index":"index","bgseo_robots_follow":"follow","_monsterinsights_skip_tracking":false,"_monsterinsights_sitenote_active":false,"_monsterinsights_sitenote_note":"","_monsterinsights_sitenote_category":0,"site-sidebar-layout":"no-sidebar","site-content-layout":"page-builder","ast-site-content-layout":"full-width-container","site-content-style":"default","site-sidebar-style":"default","ast-global-header-display":"","ast-banner-title-visibility":"","ast-main-header-display":"","ast-hfb-above-header-display":"","ast-hfb-below-header-display":"","ast-hfb-mobile-header-display":"","site-post-title":"disabled","ast-breadcrumbs-content":"","ast-featured-img":"disabled","footer-sml-layout":"","theme-transparent-header-meta":"","adv-header-id-meta":"","stick-header-meta":"","header-above-stick-meta":"","header-main-stick-meta":"","header-below-stick-meta":"","astra-migrate-meta-layouts":"set","ast-page-background-enabled":"default","ast-page-background-meta":{"desktop":{"background-color":"var(--ast-global-color-4)","background-image":"","background-repeat":"repeat","background-position":"center center","background-size":"auto","background-attachment":"scroll","background-type":"","background-media":"","overlay-type":"","overlay-color":"","overlay-gradient":""},"tablet":{"background-color":"","background-image":"","background-repeat":"repeat","background-position":"center center","background-size":"auto","background-attachment":"scroll","background-type":"","background-media":"","overlay-type":"","overlay-color":"","overlay-gradient":""},"mobile":{"background-color":"","background-image":"","background-repeat":"repeat","background-position":"center center","background-size":"auto","background-attachment":"scroll","background-type":"","background-media":"","overlay-type":"","overlay-color":"","overlay-gradient":""}},"ast-content-background-meta":{"desktop":{"background-color":"var(--ast-global-color-5)","background-image":"","background-repeat":"repeat","background-position":"center center","background-size":"auto","background-attachment":"scroll","background-type":"","background-media":"","overlay-type":"","overlay-color":"","overlay-gradient":""},"tablet":{"background-color":"var(--ast-global-color-5)","background-image":"","background-repeat":"repeat","background-position":"center center","background-size":"auto","background-attachment":"scroll","background-type":"","background-media":"","overlay-type":"","overlay-color":"","overlay-gradient":""},"mobile":{"background-color":"var(--ast-global-color-5)","background-image":"","background-repeat":"repeat","background-position":"center center","background-size":"auto","background-attachment":"scroll","background-type":"","background-media":"","overlay-type":"","overlay-color":"","overlay-gradient":""}},"footnotes":""},"class_list":["post-4885","page","type-page","status-publish","hentry"],"aioseo_notices":[],"_links":{"self":[{"href":"https:\/\/www.euroactivesrb.org\/sr\/wp-json\/wp\/v2\/pages\/4885","targetHints":{"allow":["GET"]}}],"collection":[{"href":"https:\/\/www.euroactivesrb.org\/sr\/wp-json\/wp\/v2\/pages"}],"about":[{"href":"https:\/\/www.euroactivesrb.org\/sr\/wp-json\/wp\/v2\/types\/page"}],"author":[{"embeddable":true,"href":"https:\/\/www.euroactivesrb.org\/sr\/wp-json\/wp\/v2\/users\/1"}],"replies":[{"embeddable":true,"href":"https:\/\/www.euroactivesrb.org\/sr\/wp-json\/wp\/v2\/comments?post=4885"}],"version-history":[{"count":10,"href":"https:\/\/www.euroactivesrb.org\/sr\/wp-json\/wp\/v2\/pages\/4885\/revisions"}],"predecessor-version":[{"id":4907,"href":"https:\/\/www.euroactivesrb.org\/sr\/wp-json\/wp\/v2\/pages\/4885\/revisions\/4907"}],"wp:attachment":[{"href":"https:\/\/www.euroactivesrb.org\/sr\/wp-json\/wp\/v2\/media?parent=4885"}],"curies":[{"name":"wp","href":"https:\/\/api.w.org\/{rel}","templated":true}]}}